{"id":823,"date":"2024-01-11T20:37:35","date_gmt":"2024-01-11T19:37:35","guid":{"rendered":"https:\/\/mylesthetique.com\/?page_id=823"},"modified":"2026-02-05T10:30:46","modified_gmt":"2026-02-05T09:30:46","slug":"soins-enfant-adolescent","status":"publish","type":"page","link":"https:\/\/mylesthetique.com\/index.php\/soins-enfant-adolescent\/","title":{"rendered":"Soins enfant adolescent"},"content":{"rendered":"\t\t<div data-elementor-type=\"wp-page\" data-elementor-id=\"823\" class=\"elementor elementor-823\">\n\t\t\t\t<div class=\"elementor-element elementor-element-7a99194 e-flex e-con-boxed e-con e-parent\" data-id=\"7a99194\" data-element_type=\"container\">\n\t\t\t\t\t<div class=\"e-con-inner\">\n\t\t\t\t<div class=\"elementor-element elementor-element-b36ff9f elementor-widget elementor-widget-text-editor\" data-id=\"b36ff9f\" data-element_type=\"widget\" data-widget_type=\"text-editor.default\">\n\t\t\t\t<div class=\"elementor-widget-container\">\n\t\t\t\t\t\t\t\t\t<p style=\"text-align: center;\">Offrez des <strong>soins<\/strong> \u00e0 votre <strong>enfant ou adolescent<\/strong> au travers de massage, soins du visage,&#8230;<\/p><p style=\"text-align: center;\">Ils sont effectu\u00e9s avec des <strong>produits fran\u00e7ais<\/strong>, adapt\u00e9s \u00e0 leur peau aux senteurs d\u00e9licates et gourmandes.<\/p><p>Faites leur profitez d&rsquo;un moment de d\u00e9tente, que ce soit avec :<\/p><ul><li>les <strong>soins du visage<\/strong> : pour un peau plus douce, qui tiraille moins, enlever les imperfections. Les soins enfants sont r\u00e9alis\u00e9s avec des produits cosm\u00e9tiques fran\u00e7ais, bio et naturels,<\/li><li>ou encore avec des <strong>massages du visage ou du corps<\/strong>. Cela leur apportera une relaxation profonde, moins de stress, une meilleure qualit\u00e9 de sommeil,..<\/li><li>la <strong>beaut\u00e9 des mains ou des pieds<\/strong> pour des mains toute douce,<\/li><li><strong>les \u00e9pilations<\/strong>\u00a0 tout en douceur pour limiter le poils incarn\u00e9s.<\/li><\/ul><div>Vous enfant trouvera \u00e0 mes c\u00f4t\u00e9s une oreille attentive, des conseils et astuces beaut\u00e9 adapt\u00e9s \u00e0 son \u00e2ge.<\/div><div>\u00a0<\/div><p>Pour consulter ma page Instagram, c&rsquo;est\u00a0<a href=\"https:\/\/www.instagram.com\/myl.esthetique_estheticienne\/\">par ici<\/a> .<\/p>\t\t\t\t\t\t\t\t<\/div>\n\t\t\t\t<\/div>\n\t\t\t\t\t<\/div>\n\t\t\t\t<\/div>\n\t\t<div class=\"elementor-element elementor-element-bb016d3 e-flex e-con-boxed e-con e-parent\" data-id=\"bb016d3\" data-element_type=\"container\">\n\t\t\t\t\t<div class=\"e-con-inner\">\n\t\t\t\t<div class=\"elementor-element elementor-element-d4c6ae6 elementor-align-center elementor-widget elementor-widget-button\" data-id=\"d4c6ae6\" data-element_type=\"widget\" data-widget_type=\"button.default\">\n\t\t\t\t<div class=\"elementor-widget-container\">\n\t\t\t\t\t\t\t\t\t<div class=\"elementor-button-wrapper\">\n\t\t\t\t\t<a class=\"elementor-button elementor-button-link elementor-size-sm\" href=\"tel:+33618670885\">\n\t\t\t\t\t\t<span class=\"elementor-button-content-wrapper\">\n\t\t\t\t\t\t\t\t\t<span class=\"elementor-button-text\">Cliquez ici pour prendre rendez-vous<\/span>\n\t\t\t\t\t<\/span>\n\t\t\t\t\t<\/a>\n\t\t\t\t<\/div>\n\t\t\t\t\t\t\t\t<\/div>\n\t\t\t\t<\/div>\n\t\t\t\t\t<\/div>\n\t\t\t\t<\/div>\n\t\t<div class=\"elementor-element elementor-element-6fd67c0 e-flex e-con-boxed e-con e-parent\" data-id=\"6fd67c0\" data-element_type=\"container\">\n\t\t\t\t\t<div class=\"e-con-inner\">\n\t\t\t\t<div class=\"elementor-element elementor-element-8631d67 elementor-widget elementor-widget-heading\" data-id=\"8631d67\" data-element_type=\"widget\" data-widget_type=\"heading.default\">\n\t\t\t\t<div class=\"elementor-widget-container\">\n\t\t\t\t\t<h1 class=\"elementor-heading-title elementor-size-default\">Les soins enfant \/ adolescent *<\/h1>\t\t\t\t<\/div>\n\t\t\t\t<\/div>\n\t\t\t\t\t<\/div>\n\t\t\t\t<\/div>\n\t\t<div class=\"elementor-element elementor-element-bc00b2e e-flex e-con-boxed e-con e-parent\" data-id=\"bc00b2e\" data-element_type=\"container\">\n\t\t\t\t\t<div class=\"e-con-inner\">\n\t\t\t\t<div class=\"elementor-element elementor-element-9d4cdc3 elementor-widget elementor-widget-image\" data-id=\"9d4cdc3\" data-element_type=\"widget\" data-widget_type=\"image.default\">\n\t\t\t\t<div class=\"elementor-widget-container\">\n\t\t\t\t\t\t\t\t\t\t\t\t\t\t\t\t<a href=\"https:\/\/mylesthetique.com\/index.php\/soins-visage-enfant-adolescent\/\">\n\t\t\t\t\t\t\t<img fetchpriority=\"high\" decoding=\"async\" width=\"830\" height=\"547\" src=\"https:\/\/mylesthetique.com\/wp-content\/uploads\/2025\/03\/8-e1741879395381.png\" class=\"attachment-full size-full wp-image-1783\" alt=\"soins et massages facialistes\" srcset=\"https:\/\/mylesthetique.com\/wp-content\/uploads\/2025\/03\/8-e1741879395381.png 830w, https:\/\/mylesthetique.com\/wp-content\/uploads\/2025\/03\/8-e1741879395381-300x198.png 300w, https:\/\/mylesthetique.com\/wp-content\/uploads\/2025\/03\/8-e1741879395381-768x506.png 768w\" sizes=\"(max-width: 830px) 100vw, 830px\" \/>\t\t\t\t\t\t\t\t<\/a>\n\t\t\t\t\t\t\t\t\t\t\t\t\t\t\t<\/div>\n\t\t\t\t<\/div>\n\t\t\t\t\t<\/div>\n\t\t\t\t<\/div>\n\t\t<div class=\"elementor-element elementor-element-cbe5cc1 e-flex e-con-boxed e-con e-parent\" data-id=\"cbe5cc1\" data-element_type=\"container\">\n\t\t\t\t\t<div class=\"e-con-inner\">\n\t\t\t\t<div class=\"elementor-element elementor-element-7af694f elementor-align-center elementor-widget elementor-widget-button\" data-id=\"7af694f\" data-element_type=\"widget\" data-widget_type=\"button.default\">\n\t\t\t\t<div class=\"elementor-widget-container\">\n\t\t\t\t\t\t\t\t\t<div class=\"elementor-button-wrapper\">\n\t\t\t\t\t<a class=\"elementor-button elementor-button-link elementor-size-sm\" href=\"https:\/\/mylesthetique.com\/index.php\/soins-visage-enfant-adolescent\/\">\n\t\t\t\t\t\t<span class=\"elementor-button-content-wrapper\">\n\t\t\t\t\t\t\t\t\t<span class=\"elementor-button-text\">Les soins du visage<\/span>\n\t\t\t\t\t<\/span>\n\t\t\t\t\t<\/a>\n\t\t\t\t<\/div>\n\t\t\t\t\t\t\t\t<\/div>\n\t\t\t\t<\/div>\n\t\t\t\t\t<\/div>\n\t\t\t\t<\/div>\n\t\t<div class=\"elementor-element elementor-element-7bbb7aa e-flex e-con-boxed e-con e-parent\" data-id=\"7bbb7aa\" data-element_type=\"container\">\n\t\t\t\t\t<div class=\"e-con-inner\">\n\t\t\t\t<div class=\"elementor-element elementor-element-5574f2c elementor-widget elementor-widget-image\" data-id=\"5574f2c\" data-element_type=\"widget\" data-widget_type=\"image.default\">\n\t\t\t\t<div class=\"elementor-widget-container\">\n\t\t\t\t\t\t\t\t\t\t\t\t\t\t\t\t<a href=\"https:\/\/mylesthetique.com\/index.php\/massages-corps-visage\/\">\n\t\t\t\t\t\t\t<img decoding=\"async\" width=\"980\" height=\"588\" src=\"https:\/\/mylesthetique.com\/wp-content\/uploads\/2024\/01\/20231007_203557_0005-e1705327738412.png\" class=\"attachment-full size-full wp-image-915\" alt=\"massages corps visage enfants et adolescents\" srcset=\"https:\/\/mylesthetique.com\/wp-content\/uploads\/2024\/01\/20231007_203557_0005-e1705327738412.png 980w, https:\/\/mylesthetique.com\/wp-content\/uploads\/2024\/01\/20231007_203557_0005-e1705327738412-300x180.png 300w, https:\/\/mylesthetique.com\/wp-content\/uploads\/2024\/01\/20231007_203557_0005-e1705327738412-768x461.png 768w\" sizes=\"(max-width: 980px) 100vw, 980px\" \/>\t\t\t\t\t\t\t\t<\/a>\n\t\t\t\t\t\t\t\t\t\t\t\t\t\t\t<\/div>\n\t\t\t\t<\/div>\n\t\t\t\t\t<\/div>\n\t\t\t\t<\/div>\n\t\t<div class=\"elementor-element elementor-element-c0904bc e-flex e-con-boxed e-con e-parent\" data-id=\"c0904bc\" data-element_type=\"container\">\n\t\t\t\t\t<div class=\"e-con-inner\">\n\t\t\t\t<div class=\"elementor-element elementor-element-807ab56 elementor-align-center elementor-widget elementor-widget-button\" data-id=\"807ab56\" data-element_type=\"widget\" data-widget_type=\"button.default\">\n\t\t\t\t<div class=\"elementor-widget-container\">\n\t\t\t\t\t\t\t\t\t<div class=\"elementor-button-wrapper\">\n\t\t\t\t\t<a class=\"elementor-button elementor-button-link elementor-size-sm\" href=\"https:\/\/mylesthetique.com\/index.php\/massages-corps-visage\/\">\n\t\t\t\t\t\t<span class=\"elementor-button-content-wrapper\">\n\t\t\t\t\t\t\t\t\t<span class=\"elementor-button-text\">Les massages corps et visage<\/span>\n\t\t\t\t\t<\/span>\n\t\t\t\t\t<\/a>\n\t\t\t\t<\/div>\n\t\t\t\t\t\t\t\t<\/div>\n\t\t\t\t<\/div>\n\t\t\t\t\t<\/div>\n\t\t\t\t<\/div>\n\t\t<div class=\"elementor-element elementor-element-a6f1393 e-flex e-con-boxed e-con e-parent\" data-id=\"a6f1393\" data-element_type=\"container\">\n\t\t\t\t\t<div class=\"e-con-inner\">\n\t\t\t\t<div class=\"elementor-element elementor-element-03ce34f elementor-widget elementor-widget-image\" data-id=\"03ce34f\" data-element_type=\"widget\" data-widget_type=\"image.default\">\n\t\t\t\t<div class=\"elementor-widget-container\">\n\t\t\t\t\t\t\t\t\t\t\t\t\t\t\t\t<a href=\"https:\/\/mylesthetique.com\/index.php\/epilation-adolescents-visage-corps-estheticienne-domicime-institut-de-bezute-saint-crzaire-sur-siagne\/\">\n\t\t\t\t\t\t\t<img decoding=\"async\" width=\"1080\" height=\"1080\" src=\"https:\/\/mylesthetique.com\/wp-content\/uploads\/2024\/01\/20231011_123624_0000.png\" class=\"attachment-full size-full wp-image-904\" alt=\"\u00e9pilation adolescents\" srcset=\"https:\/\/mylesthetique.com\/wp-content\/uploads\/2024\/01\/20231011_123624_0000.png 1080w, https:\/\/mylesthetique.com\/wp-content\/uploads\/2024\/01\/20231011_123624_0000-300x300.png 300w, https:\/\/mylesthetique.com\/wp-content\/uploads\/2024\/01\/20231011_123624_0000-1024x1024.png 1024w, https:\/\/mylesthetique.com\/wp-content\/uploads\/2024\/01\/20231011_123624_0000-150x150.png 150w, https:\/\/mylesthetique.com\/wp-content\/uploads\/2024\/01\/20231011_123624_0000-768x768.png 768w, https:\/\/mylesthetique.com\/wp-content\/uploads\/2024\/01\/20231011_123624_0000-600x600.png 600w\" sizes=\"(max-width: 1080px) 100vw, 1080px\" \/>\t\t\t\t\t\t\t\t<\/a>\n\t\t\t\t\t\t\t\t\t\t\t\t\t\t\t<\/div>\n\t\t\t\t<\/div>\n\t\t\t\t\t<\/div>\n\t\t\t\t<\/div>\n\t\t<div class=\"elementor-element elementor-element-20f0f91 e-flex e-con-boxed e-con e-parent\" data-id=\"20f0f91\" data-element_type=\"container\">\n\t\t\t\t\t<div class=\"e-con-inner\">\n\t\t\t\t<div class=\"elementor-element elementor-element-cd5888d elementor-align-center elementor-widget elementor-widget-button\" data-id=\"cd5888d\" data-element_type=\"widget\" data-widget_type=\"button.default\">\n\t\t\t\t<div class=\"elementor-widget-container\">\n\t\t\t\t\t\t\t\t\t<div class=\"elementor-button-wrapper\">\n\t\t\t\t\t<a class=\"elementor-button elementor-button-link elementor-size-sm\" href=\"https:\/\/mylesthetique.com\/index.php\/epilation-adolescents-visage-corps-estheticienne-domicime-institut-de-bezute-saint-crzaire-sur-siagne\/\">\n\t\t\t\t\t\t<span class=\"elementor-button-content-wrapper\">\n\t\t\t\t\t\t\t\t\t<span class=\"elementor-button-text\">Les \u00e9pilations<\/span>\n\t\t\t\t\t<\/span>\n\t\t\t\t\t<\/a>\n\t\t\t\t<\/div>\n\t\t\t\t\t\t\t\t<\/div>\n\t\t\t\t<\/div>\n\t\t\t\t\t<\/div>\n\t\t\t\t<\/div>\n\t\t<div class=\"elementor-element elementor-element-1d73f97 e-flex e-con-boxed e-con e-parent\" data-id=\"1d73f97\" data-element_type=\"container\">\n\t\t\t\t\t<div class=\"e-con-inner\">\n\t\t\t\t<div class=\"elementor-element elementor-element-1d7be28 elementor-widget elementor-widget-text-editor\" data-id=\"1d7be28\" data-element_type=\"widget\" data-widget_type=\"text-editor.default\">\n\t\t\t\t<div class=\"elementor-widget-container\">\n\t\t\t\t\t\t\t\t\t<p>* Pr\u00e9sence d&rsquo;un parent obligatoire pour toutes les prestations.<\/p>\t\t\t\t\t\t\t\t<\/div>\n\t\t\t\t<\/div>\n\t\t\t\t\t<\/div>\n\t\t\t\t<\/div>\n\t\t\t\t<\/div>\n\t\t","protected":false},"excerpt":{"rendered":"<p>Offrez des soins \u00e0 votre enfant ou adolescent au travers de massage, soins du visage,&#8230; Ils sont effectu\u00e9s avec des produits fran\u00e7ais, adapt\u00e9s \u00e0 leur peau aux senteurs d\u00e9licates et gourmandes. Faites leur profitez d&rsquo;un moment de d\u00e9tente, que ce soit avec : les soins du visage : pour un peau plus douce, qui tiraille [&hellip;]<\/p>\n","protected":false},"author":1,"featured_media":0,"parent":0,"menu_order":0,"comment_status":"closed","ping_status":"closed","template":"","meta":{"footnotes":""},"class_list":["post-823","page","type-page","status-publish","hentry","entry"],"yoast_head":"<!-- This site is optimized with the Yoast SEO plugin v25.9 - https:\/\/yoast.com\/wordpress\/plugins\/seo\/ -->\n<title>Soins enfant adolescent - WordPress<\/title>\n<meta name=\"description\" content=\"Faites d\u00e9couvrir les soins \u00e0 votre enfant ou adolescent, massages, soins du visage, beaut\u00e9 des mains,... avec des produits adapt\u00e9s.\" \/>\n<meta name=\"robots\" content=\"index, follow, max-snippet:-1, max-image-preview:large, max-video-preview:-1\" \/>\n<link rel=\"canonical\" href=\"https:\/\/mylesthetique.com\/index.php\/soins-enfant-adolescent\/\" \/>\n<meta property=\"og:locale\" content=\"fr_FR\" \/>\n<meta property=\"og:type\" content=\"article\" \/>\n<meta property=\"og:title\" content=\"Soins enfant adolescent - WordPress\" \/>\n<meta property=\"og:description\" content=\"Faites d\u00e9couvrir les soins \u00e0 votre enfant ou adolescent, massages, soins du visage, beaut\u00e9 des mains,... avec des produits adapt\u00e9s.\" \/>\n<meta property=\"og:url\" content=\"https:\/\/mylesthetique.com\/index.php\/soins-enfant-adolescent\/\" \/>\n<meta property=\"og:site_name\" content=\"WordPress\" \/>\n<meta property=\"article:modified_time\" content=\"2026-02-05T09:30:46+00:00\" \/>\n<meta property=\"og:image\" content=\"https:\/\/mylesthetique.com\/wp-content\/uploads\/2025\/03\/8-e1741879395381.png\" \/>\n<meta name=\"twitter:card\" content=\"summary_large_image\" \/>\n<meta name=\"twitter:label1\" content=\"Dur\u00e9e de lecture estim\u00e9e\" \/>\n\t<meta name=\"twitter:data1\" content=\"2 minutes\" \/>\n<script type=\"application\/ld+json\" class=\"yoast-schema-graph\">{\"@context\":\"https:\/\/schema.org\",\"@graph\":[{\"@type\":\"WebPage\",\"@id\":\"https:\/\/mylesthetique.com\/index.php\/soins-enfant-adolescent\/\",\"url\":\"https:\/\/mylesthetique.com\/index.php\/soins-enfant-adolescent\/\",\"name\":\"Soins enfant adolescent - WordPress\",\"isPartOf\":{\"@id\":\"https:\/\/mylesthetique.com\/#website\"},\"primaryImageOfPage\":{\"@id\":\"https:\/\/mylesthetique.com\/index.php\/soins-enfant-adolescent\/#primaryimage\"},\"image\":{\"@id\":\"https:\/\/mylesthetique.com\/index.php\/soins-enfant-adolescent\/#primaryimage\"},\"thumbnailUrl\":\"https:\/\/mylesthetique.com\/wp-content\/uploads\/2025\/03\/8-e1741879395381.png\",\"datePublished\":\"2024-01-11T19:37:35+00:00\",\"dateModified\":\"2026-02-05T09:30:46+00:00\",\"description\":\"Faites d\u00e9couvrir les soins \u00e0 votre enfant ou adolescent, massages, soins du visage, beaut\u00e9 des mains,... avec des produits adapt\u00e9s.\",\"breadcrumb\":{\"@id\":\"https:\/\/mylesthetique.com\/index.php\/soins-enfant-adolescent\/#breadcrumb\"},\"inLanguage\":\"fr-FR\",\"potentialAction\":[{\"@type\":\"ReadAction\",\"target\":[\"https:\/\/mylesthetique.com\/index.php\/soins-enfant-adolescent\/\"]}]},{\"@type\":\"ImageObject\",\"inLanguage\":\"fr-FR\",\"@id\":\"https:\/\/mylesthetique.com\/index.php\/soins-enfant-adolescent\/#primaryimage\",\"url\":\"https:\/\/mylesthetique.com\/wp-content\/uploads\/2025\/03\/8-e1741879395381.png\",\"contentUrl\":\"https:\/\/mylesthetique.com\/wp-content\/uploads\/2025\/03\/8-e1741879395381.png\",\"width\":830,\"height\":547,\"caption\":\"soins et massages facialistes\"},{\"@type\":\"BreadcrumbList\",\"@id\":\"https:\/\/mylesthetique.com\/index.php\/soins-enfant-adolescent\/#breadcrumb\",\"itemListElement\":[{\"@type\":\"ListItem\",\"position\":1,\"name\":\"Accueil\",\"item\":\"https:\/\/mylesthetique.com\/\"},{\"@type\":\"ListItem\",\"position\":2,\"name\":\"Soins enfant adolescent\"}]},{\"@type\":\"WebSite\",\"@id\":\"https:\/\/mylesthetique.com\/#website\",\"url\":\"https:\/\/mylesthetique.com\/\",\"name\":\"WordPress\",\"description\":\"Un site utilisant WordPress\",\"publisher\":{\"@id\":\"https:\/\/mylesthetique.com\/#organization\"},\"potentialAction\":[{\"@type\":\"SearchAction\",\"target\":{\"@type\":\"EntryPoint\",\"urlTemplate\":\"https:\/\/mylesthetique.com\/?s={search_term_string}\"},\"query-input\":{\"@type\":\"PropertyValueSpecification\",\"valueRequired\":true,\"valueName\":\"search_term_string\"}}],\"inLanguage\":\"fr-FR\"},{\"@type\":\"Organization\",\"@id\":\"https:\/\/mylesthetique.com\/#organization\",\"name\":\"WordPress\",\"url\":\"https:\/\/mylesthetique.com\/\",\"logo\":{\"@type\":\"ImageObject\",\"inLanguage\":\"fr-FR\",\"@id\":\"https:\/\/mylesthetique.com\/#\/schema\/logo\/image\/\",\"url\":\"https:\/\/mylesthetique.com\/wp-content\/uploads\/2023\/09\/cropped-myl-esthetique.png\",\"contentUrl\":\"https:\/\/mylesthetique.com\/wp-content\/uploads\/2023\/09\/cropped-myl-esthetique.png\",\"width\":1050,\"height\":270,\"caption\":\"WordPress\"},\"image\":{\"@id\":\"https:\/\/mylesthetique.com\/#\/schema\/logo\/image\/\"}}]}<\/script>\n<!-- \/ Yoast SEO plugin. -->","yoast_head_json":{"title":"Soins enfant adolescent - WordPress","description":"Faites d\u00e9couvrir les soins \u00e0 votre enfant ou adolescent, massages, soins du visage, beaut\u00e9 des mains,... avec des produits adapt\u00e9s.","robots":{"index":"index","follow":"follow","max-snippet":"max-snippet:-1","max-image-preview":"max-image-preview:large","max-video-preview":"max-video-preview:-1"},"canonical":"https:\/\/mylesthetique.com\/index.php\/soins-enfant-adolescent\/","og_locale":"fr_FR","og_type":"article","og_title":"Soins enfant adolescent - WordPress","og_description":"Faites d\u00e9couvrir les soins \u00e0 votre enfant ou adolescent, massages, soins du visage, beaut\u00e9 des mains,... avec des produits adapt\u00e9s.","og_url":"https:\/\/mylesthetique.com\/index.php\/soins-enfant-adolescent\/","og_site_name":"WordPress","article_modified_time":"2026-02-05T09:30:46+00:00","og_image":[{"url":"https:\/\/mylesthetique.com\/wp-content\/uploads\/2025\/03\/8-e1741879395381.png","type":"","width":"","height":""}],"twitter_card":"summary_large_image","twitter_misc":{"Dur\u00e9e de lecture estim\u00e9e":"2 minutes"},"schema":{"@context":"https:\/\/schema.org","@graph":[{"@type":"WebPage","@id":"https:\/\/mylesthetique.com\/index.php\/soins-enfant-adolescent\/","url":"https:\/\/mylesthetique.com\/index.php\/soins-enfant-adolescent\/","name":"Soins enfant adolescent - WordPress","isPartOf":{"@id":"https:\/\/mylesthetique.com\/#website"},"primaryImageOfPage":{"@id":"https:\/\/mylesthetique.com\/index.php\/soins-enfant-adolescent\/#primaryimage"},"image":{"@id":"https:\/\/mylesthetique.com\/index.php\/soins-enfant-adolescent\/#primaryimage"},"thumbnailUrl":"https:\/\/mylesthetique.com\/wp-content\/uploads\/2025\/03\/8-e1741879395381.png","datePublished":"2024-01-11T19:37:35+00:00","dateModified":"2026-02-05T09:30:46+00:00","description":"Faites d\u00e9couvrir les soins \u00e0 votre enfant ou adolescent, massages, soins du visage, beaut\u00e9 des mains,... avec des produits adapt\u00e9s.","breadcrumb":{"@id":"https:\/\/mylesthetique.com\/index.php\/soins-enfant-adolescent\/#breadcrumb"},"inLanguage":"fr-FR","potentialAction":[{"@type":"ReadAction","target":["https:\/\/mylesthetique.com\/index.php\/soins-enfant-adolescent\/"]}]},{"@type":"ImageObject","inLanguage":"fr-FR","@id":"https:\/\/mylesthetique.com\/index.php\/soins-enfant-adolescent\/#primaryimage","url":"https:\/\/mylesthetique.com\/wp-content\/uploads\/2025\/03\/8-e1741879395381.png","contentUrl":"https:\/\/mylesthetique.com\/wp-content\/uploads\/2025\/03\/8-e1741879395381.png","width":830,"height":547,"caption":"soins et massages facialistes"},{"@type":"BreadcrumbList","@id":"https:\/\/mylesthetique.com\/index.php\/soins-enfant-adolescent\/#breadcrumb","itemListElement":[{"@type":"ListItem","position":1,"name":"Accueil","item":"https:\/\/mylesthetique.com\/"},{"@type":"ListItem","position":2,"name":"Soins enfant adolescent"}]},{"@type":"WebSite","@id":"https:\/\/mylesthetique.com\/#website","url":"https:\/\/mylesthetique.com\/","name":"WordPress","description":"Un site utilisant WordPress","publisher":{"@id":"https:\/\/mylesthetique.com\/#organization"},"potentialAction":[{"@type":"SearchAction","target":{"@type":"EntryPoint","urlTemplate":"https:\/\/mylesthetique.com\/?s={search_term_string}"},"query-input":{"@type":"PropertyValueSpecification","valueRequired":true,"valueName":"search_term_string"}}],"inLanguage":"fr-FR"},{"@type":"Organization","@id":"https:\/\/mylesthetique.com\/#organization","name":"WordPress","url":"https:\/\/mylesthetique.com\/","logo":{"@type":"ImageObject","inLanguage":"fr-FR","@id":"https:\/\/mylesthetique.com\/#\/schema\/logo\/image\/","url":"https:\/\/mylesthetique.com\/wp-content\/uploads\/2023\/09\/cropped-myl-esthetique.png","contentUrl":"https:\/\/mylesthetique.com\/wp-content\/uploads\/2023\/09\/cropped-myl-esthetique.png","width":1050,"height":270,"caption":"WordPress"},"image":{"@id":"https:\/\/mylesthetique.com\/#\/schema\/logo\/image\/"}}]}},"_links":{"self":[{"href":"https:\/\/mylesthetique.com\/index.php\/wp-json\/wp\/v2\/pages\/823","targetHints":{"allow":["GET"]}}],"collection":[{"href":"https:\/\/mylesthetique.com\/index.php\/wp-json\/wp\/v2\/pages"}],"about":[{"href":"https:\/\/mylesthetique.com\/index.php\/wp-json\/wp\/v2\/types\/page"}],"author":[{"embeddable":true,"href":"https:\/\/mylesthetique.com\/index.php\/wp-json\/wp\/v2\/users\/1"}],"replies":[{"embeddable":true,"href":"https:\/\/mylesthetique.com\/index.php\/wp-json\/wp\/v2\/comments?post=823"}],"version-history":[{"count":13,"href":"https:\/\/mylesthetique.com\/index.php\/wp-json\/wp\/v2\/pages\/823\/revisions"}],"predecessor-version":[{"id":2173,"href":"https:\/\/mylesthetique.com\/index.php\/wp-json\/wp\/v2\/pages\/823\/revisions\/2173"}],"wp:attachment":[{"href":"https:\/\/mylesthetique.com\/index.php\/wp-json\/wp\/v2\/media?parent=823"}],"curies":[{"name":"wp","href":"https:\/\/api.w.org\/{rel}","templated":true}]}}