{"id":790,"date":"2024-01-11T15:48:56","date_gmt":"2024-01-11T14:48:56","guid":{"rendered":"https:\/\/mylesthetique.com\/?page_id=790"},"modified":"2026-02-05T11:18:07","modified_gmt":"2026-02-05T10:18:07","slug":"soins-hommes","status":"publish","type":"page","link":"https:\/\/mylesthetique.com\/index.php\/soins-hommes\/","title":{"rendered":"Soins Hommes"},"content":{"rendered":"\t\t<div data-elementor-type=\"wp-page\" data-elementor-id=\"790\" class=\"elementor elementor-790\">\n\t\t\t\t<div class=\"elementor-element elementor-element-4c3686e e-flex e-con-boxed e-con e-parent\" data-id=\"4c3686e\" data-element_type=\"container\">\n\t\t\t\t\t<div class=\"e-con-inner\">\n\t\t\t\t<div class=\"elementor-element elementor-element-37cc8c3 elementor-widget elementor-widget-text-editor\" data-id=\"37cc8c3\" data-element_type=\"widget\" data-widget_type=\"text-editor.default\">\n\t\t\t\t<div class=\"elementor-widget-container\">\n\t\t\t\t\t\t\t\t\t<p style=\"text-align: center;\">Offrez vous un moment de d\u00e9tente au travers les <strong>soins hommes<\/strong> que je vous propose.<\/p><p style=\"text-align: center;\">Tous les <strong>soins hommes<\/strong> sont r\u00e9alis\u00e9s avec des produits con\u00e7us pour les hommes par des marques fran\u00e7aises.<\/p><p style=\"text-align: center;\">La relaxation et la d\u00e9tente ne sont pas exclusivement r\u00e9serv\u00e9es aux femmes.\u00a0\u00a0<\/p><p style=\"text-align: center;\">Je vous ouvre donc les portes de mon institut Messieurs.<\/p><p>Profitez d\u2019une relaxation profonde, que ce soit avec :<\/p><ul><li>les <strong>soins et massages facialistes : d\u00e9tente, peau revitalis\u00e9e,&#8230;<\/strong><\/li><li>ou avec les\u00a0<strong>massages du visage faciliastes :<\/strong>\u00a0<strong>Kobido<\/strong>, <strong>Shiatsu cr\u00e2nien<\/strong>\u00a0pour un l\u00e2cher prise total,<\/li><li>ou encore avec les <strong>\u00a0massages corps et le soin holistique : relaxant, \u00e9motionnel, &#8230;<\/strong><\/li><li>vous pouvez \u00e9galement faire une <strong>beaut\u00e9 des mains et des pieds.\u00a0<\/strong><\/li><li>d\u00e9couvrez ou red\u00e9couvrez les <strong>\u00e9pilations \u00e0 la cire.<\/strong><\/li><\/ul><div><p>Vous trouverez \u00e0 mes c\u00f4t\u00e9s une oreille attentive, de la bienveillance, des conseils et astuces beaut\u00e9.<\/p><\/div><p>Chaque produit est utilis\u00e9 en fonction des besoins de votre peau et chaque soin est personnalis\u00e9 pour vous offrir une exp\u00e9rience unique.<\/p><p>Pour consulter ma page Instagram\u00a0<a href=\"https:\/\/www.instagram.com\/myl.esthetique_estheticienne\/\" target=\"_blank\" rel=\"noopener\">cliquez ici<\/a><\/p>\t\t\t\t\t\t\t\t<\/div>\n\t\t\t\t<\/div>\n\t\t\t\t\t<\/div>\n\t\t\t\t<\/div>\n\t\t<div class=\"elementor-element elementor-element-2184207 e-flex e-con-boxed e-con e-parent\" data-id=\"2184207\" data-element_type=\"container\">\n\t\t\t\t\t<div class=\"e-con-inner\">\n\t\t\t\t<div class=\"elementor-element elementor-element-5391774 elementor-widget elementor-widget-text-editor\" data-id=\"5391774\" data-element_type=\"widget\" data-widget_type=\"text-editor.default\">\n\t\t\t\t<div class=\"elementor-widget-container\">\n\t\t\t\t\t\t\t\t\t<p>Pour le respect de nos esth\u00e9ticiennes, tout comportement inappropri\u00e9, geste d\u00e9plac\u00e9 ou attitude ambigu\u00eb entra\u00eenera l\u2019arr\u00eat imm\u00e9diat de la prestation et l\u2019exclusion d\u00e9finitive de l\u2019institut.<\/p>\t\t\t\t\t\t\t\t<\/div>\n\t\t\t\t<\/div>\n\t\t\t\t\t<\/div>\n\t\t\t\t<\/div>\n\t\t<div class=\"elementor-element elementor-element-a14f0ed e-flex e-con-boxed e-con e-parent\" data-id=\"a14f0ed\" data-element_type=\"container\">\n\t\t\t\t\t<div class=\"e-con-inner\">\n\t\t\t\t<div class=\"elementor-element elementor-element-185ad62 elementor-align-center elementor-widget elementor-widget-button\" data-id=\"185ad62\" data-element_type=\"widget\" data-widget_type=\"button.default\">\n\t\t\t\t<div class=\"elementor-widget-container\">\n\t\t\t\t\t\t\t\t\t<div class=\"elementor-button-wrapper\">\n\t\t\t\t\t<a class=\"elementor-button elementor-button-link elementor-size-sm\" href=\"tel:+33618670885\">\n\t\t\t\t\t\t<span class=\"elementor-button-content-wrapper\">\n\t\t\t\t\t\t\t\t\t<span class=\"elementor-button-text\">Cliquez ici pour prendre rendes-vous<\/span>\n\t\t\t\t\t<\/span>\n\t\t\t\t\t<\/a>\n\t\t\t\t<\/div>\n\t\t\t\t\t\t\t\t<\/div>\n\t\t\t\t<\/div>\n\t\t\t\t\t<\/div>\n\t\t\t\t<\/div>\n\t\t<div class=\"elementor-element elementor-element-60a768f e-flex e-con-boxed e-con e-parent\" data-id=\"60a768f\" data-element_type=\"container\">\n\t\t\t\t\t<div class=\"e-con-inner\">\n\t\t\t\t<div class=\"elementor-element elementor-element-b114b73 elementor-widget elementor-widget-heading\" data-id=\"b114b73\" data-element_type=\"widget\" data-widget_type=\"heading.default\">\n\t\t\t\t<div class=\"elementor-widget-container\">\n\t\t\t\t\t<h1 class=\"elementor-heading-title elementor-size-default\">Les soins hommes<\/h1>\t\t\t\t<\/div>\n\t\t\t\t<\/div>\n\t\t\t\t\t<\/div>\n\t\t\t\t<\/div>\n\t\t<div class=\"elementor-element elementor-element-506b782 e-flex e-con-boxed e-con e-parent\" data-id=\"506b782\" data-element_type=\"container\">\n\t\t\t\t\t<div class=\"e-con-inner\">\n\t\t\t\t<div class=\"elementor-element elementor-element-f89de59 elementor-widget elementor-widget-image\" data-id=\"f89de59\" data-element_type=\"widget\" data-widget_type=\"image.default\">\n\t\t\t\t<div class=\"elementor-widget-container\">\n\t\t\t\t\t\t\t\t\t\t\t\t\t\t\t\t<a href=\"https:\/\/mylesthetique.com\/index.php\/soins-visage-homme\/\">\n\t\t\t\t\t\t\t<img fetchpriority=\"high\" decoding=\"async\" width=\"867\" height=\"602\" src=\"https:\/\/mylesthetique.com\/wp-content\/uploads\/2024\/01\/20231018_121352_0005-e1704979677225.png\" class=\"attachment-full size-full wp-image-770\" alt=\"soins visage hommes\" srcset=\"https:\/\/mylesthetique.com\/wp-content\/uploads\/2024\/01\/20231018_121352_0005-e1704979677225.png 867w, https:\/\/mylesthetique.com\/wp-content\/uploads\/2024\/01\/20231018_121352_0005-e1704979677225-300x208.png 300w, https:\/\/mylesthetique.com\/wp-content\/uploads\/2024\/01\/20231018_121352_0005-e1704979677225-768x533.png 768w\" sizes=\"(max-width: 867px) 100vw, 867px\" \/>\t\t\t\t\t\t\t\t<\/a>\n\t\t\t\t\t\t\t\t\t\t\t\t\t\t\t<\/div>\n\t\t\t\t<\/div>\n\t\t\t\t\t<\/div>\n\t\t\t\t<\/div>\n\t\t<div class=\"elementor-element elementor-element-b4d31e2 e-flex e-con-boxed e-con e-parent\" data-id=\"b4d31e2\" data-element_type=\"container\">\n\t\t\t\t\t<div class=\"e-con-inner\">\n\t\t\t\t<div class=\"elementor-element elementor-element-44b7a09 elementor-align-center elementor-widget elementor-widget-button\" data-id=\"44b7a09\" data-element_type=\"widget\" data-widget_type=\"button.default\">\n\t\t\t\t<div class=\"elementor-widget-container\">\n\t\t\t\t\t\t\t\t\t<div class=\"elementor-button-wrapper\">\n\t\t\t\t\t<a class=\"elementor-button elementor-button-link elementor-size-sm\" href=\"https:\/\/mylesthetique.com\/index.php\/soins-visage-homme\/\">\n\t\t\t\t\t\t<span class=\"elementor-button-content-wrapper\">\n\t\t\t\t\t\t\t\t\t<span class=\"elementor-button-text\">Soins et massages du visage<\/span>\n\t\t\t\t\t<\/span>\n\t\t\t\t\t<\/a>\n\t\t\t\t<\/div>\n\t\t\t\t\t\t\t\t<\/div>\n\t\t\t\t<\/div>\n\t\t\t\t\t<\/div>\n\t\t\t\t<\/div>\n\t\t<div class=\"elementor-element elementor-element-3f9189d e-flex e-con-boxed e-con e-parent\" data-id=\"3f9189d\" data-element_type=\"container\">\n\t\t\t\t\t<div class=\"e-con-inner\">\n\t\t\t\t<div class=\"elementor-element elementor-element-2b68ed8 elementor-widget elementor-widget-image\" data-id=\"2b68ed8\" data-element_type=\"widget\" data-widget_type=\"image.default\">\n\t\t\t\t<div class=\"elementor-widget-container\">\n\t\t\t\t\t\t\t\t\t\t\t\t\t\t\t\t<a href=\"https:\/\/mylesthetique.com\/index.php\/massages-corps-homme\/\">\n\t\t\t\t\t\t\t<img decoding=\"async\" width=\"847\" height=\"622\" src=\"https:\/\/mylesthetique.com\/wp-content\/uploads\/2024\/01\/20231022_081142_0006-e1705755267307.png\" class=\"attachment-full size-full wp-image-1031\" alt=\"massages et soins corps hommes\" srcset=\"https:\/\/mylesthetique.com\/wp-content\/uploads\/2024\/01\/20231022_081142_0006-e1705755267307.png 847w, https:\/\/mylesthetique.com\/wp-content\/uploads\/2024\/01\/20231022_081142_0006-e1705755267307-300x220.png 300w, https:\/\/mylesthetique.com\/wp-content\/uploads\/2024\/01\/20231022_081142_0006-e1705755267307-768x564.png 768w\" sizes=\"(max-width: 847px) 100vw, 847px\" \/>\t\t\t\t\t\t\t\t<\/a>\n\t\t\t\t\t\t\t\t\t\t\t\t\t\t\t<\/div>\n\t\t\t\t<\/div>\n\t\t\t\t\t<\/div>\n\t\t\t\t<\/div>\n\t\t<div class=\"elementor-element elementor-element-64b0cd9 e-flex e-con-boxed e-con e-parent\" data-id=\"64b0cd9\" data-element_type=\"container\">\n\t\t\t\t\t<div class=\"e-con-inner\">\n\t\t\t\t<div class=\"elementor-element elementor-element-faa2ebc elementor-align-center elementor-widget elementor-widget-button\" data-id=\"faa2ebc\" data-element_type=\"widget\" data-widget_type=\"button.default\">\n\t\t\t\t<div class=\"elementor-widget-container\">\n\t\t\t\t\t\t\t\t\t<div class=\"elementor-button-wrapper\">\n\t\t\t\t\t<a class=\"elementor-button elementor-button-link elementor-size-sm\" href=\"https:\/\/mylesthetique.com\/index.php\/massages-corps-homme\/\">\n\t\t\t\t\t\t<span class=\"elementor-button-content-wrapper\">\n\t\t\t\t\t\t\t\t\t<span class=\"elementor-button-text\">Massages corps et soin holistique<\/span>\n\t\t\t\t\t<\/span>\n\t\t\t\t\t<\/a>\n\t\t\t\t<\/div>\n\t\t\t\t\t\t\t\t<\/div>\n\t\t\t\t<\/div>\n\t\t\t\t\t<\/div>\n\t\t\t\t<\/div>\n\t\t<div class=\"elementor-element elementor-element-9b9e113 e-flex e-con-boxed e-con e-parent\" data-id=\"9b9e113\" data-element_type=\"container\">\n\t\t\t\t\t<div class=\"e-con-inner\">\n\t\t\t\t<div class=\"elementor-element elementor-element-de22194 elementor-widget elementor-widget-image\" data-id=\"de22194\" data-element_type=\"widget\" data-widget_type=\"image.default\">\n\t\t\t\t<div class=\"elementor-widget-container\">\n\t\t\t\t\t\t\t\t\t\t\t\t\t\t\t\t<a href=\"https:\/\/mylesthetique.com\/index.php\/beaute-mains-pieds\/\">\n\t\t\t\t\t\t\t<img decoding=\"async\" width=\"366\" height=\"182\" src=\"https:\/\/mylesthetique.com\/wp-content\/uploads\/2024\/01\/Capture.png\" class=\"attachment-full size-full wp-image-1044\" alt=\"beaut\u00e9 mains et pieds homme\" srcset=\"https:\/\/mylesthetique.com\/wp-content\/uploads\/2024\/01\/Capture.png 366w, https:\/\/mylesthetique.com\/wp-content\/uploads\/2024\/01\/Capture-300x149.png 300w\" sizes=\"(max-width: 366px) 100vw, 366px\" \/>\t\t\t\t\t\t\t\t<\/a>\n\t\t\t\t\t\t\t\t\t\t\t\t\t\t\t<\/div>\n\t\t\t\t<\/div>\n\t\t\t\t\t<\/div>\n\t\t\t\t<\/div>\n\t\t<div class=\"elementor-element elementor-element-1b7d464 e-flex e-con-boxed e-con e-parent\" data-id=\"1b7d464\" data-element_type=\"container\">\n\t\t\t\t\t<div class=\"e-con-inner\">\n\t\t\t\t<div class=\"elementor-element elementor-element-5fff819 elementor-align-center elementor-widget elementor-widget-button\" data-id=\"5fff819\" data-element_type=\"widget\" data-widget_type=\"button.default\">\n\t\t\t\t<div class=\"elementor-widget-container\">\n\t\t\t\t\t\t\t\t\t<div class=\"elementor-button-wrapper\">\n\t\t\t\t\t<a class=\"elementor-button elementor-button-link elementor-size-sm\" href=\"https:\/\/mylesthetique.com\/index.php\/beaute-mains-pieds\/\">\n\t\t\t\t\t\t<span class=\"elementor-button-content-wrapper\">\n\t\t\t\t\t\t\t\t\t<span class=\"elementor-button-text\">La beaut\u00e9 des mains et des pieds<\/span>\n\t\t\t\t\t<\/span>\n\t\t\t\t\t<\/a>\n\t\t\t\t<\/div>\n\t\t\t\t\t\t\t\t<\/div>\n\t\t\t\t<\/div>\n\t\t\t\t\t<\/div>\n\t\t\t\t<\/div>\n\t\t<div class=\"elementor-element elementor-element-5dea853 e-flex e-con-boxed e-con e-parent\" data-id=\"5dea853\" data-element_type=\"container\">\n\t\t\t\t\t<div class=\"e-con-inner\">\n\t\t\t\t<div class=\"elementor-element elementor-element-9710dd6 elementor-widget elementor-widget-image\" data-id=\"9710dd6\" data-element_type=\"widget\" data-widget_type=\"image.default\">\n\t\t\t\t<div class=\"elementor-widget-container\">\n\t\t\t\t\t\t\t\t\t\t\t\t\t\t\t\t<a href=\"https:\/\/mylesthetique.com\/index.php\/epilations-hommes-corps-visage\/\">\n\t\t\t\t\t\t\t<img loading=\"lazy\" decoding=\"async\" width=\"556\" height=\"421\" src=\"https:\/\/mylesthetique.com\/wp-content\/uploads\/2024\/01\/20231011_104522_0000-1-e1705153829645.png\" class=\"attachment-full size-full wp-image-877\" alt=\"\u00e9pilations hommes\" srcset=\"https:\/\/mylesthetique.com\/wp-content\/uploads\/2024\/01\/20231011_104522_0000-1-e1705153829645.png 556w, https:\/\/mylesthetique.com\/wp-content\/uploads\/2024\/01\/20231011_104522_0000-1-e1705153829645-300x227.png 300w\" sizes=\"(max-width: 556px) 100vw, 556px\" \/>\t\t\t\t\t\t\t\t<\/a>\n\t\t\t\t\t\t\t\t\t\t\t\t\t\t\t<\/div>\n\t\t\t\t<\/div>\n\t\t\t\t\t<\/div>\n\t\t\t\t<\/div>\n\t\t<div class=\"elementor-element elementor-element-7306b21 e-flex e-con-boxed e-con e-parent\" data-id=\"7306b21\" data-element_type=\"container\">\n\t\t\t\t\t<div class=\"e-con-inner\">\n\t\t\t\t<div class=\"elementor-element elementor-element-bb130d8 elementor-align-center elementor-widget elementor-widget-button\" data-id=\"bb130d8\" data-element_type=\"widget\" data-widget_type=\"button.default\">\n\t\t\t\t<div class=\"elementor-widget-container\">\n\t\t\t\t\t\t\t\t\t<div class=\"elementor-button-wrapper\">\n\t\t\t\t\t<a class=\"elementor-button elementor-button-link elementor-size-sm\" href=\"https:\/\/mylesthetique.com\/index.php\/epilations-hommes-corps-visage\/\">\n\t\t\t\t\t\t<span class=\"elementor-button-content-wrapper\">\n\t\t\t\t\t\t\t\t\t<span class=\"elementor-button-text\">Les \u00e9pilations corps et visage<\/span>\n\t\t\t\t\t<\/span>\n\t\t\t\t\t<\/a>\n\t\t\t\t<\/div>\n\t\t\t\t\t\t\t\t<\/div>\n\t\t\t\t<\/div>\n\t\t\t\t\t<\/div>\n\t\t\t\t<\/div>\n\t\t\t\t<\/div>\n\t\t","protected":false},"excerpt":{"rendered":"<p>Offrez vous un moment de d\u00e9tente au travers les soins hommes que je vous propose. Tous les soins hommes sont r\u00e9alis\u00e9s avec des produits con\u00e7us pour les hommes par des marques fran\u00e7aises. La relaxation et la d\u00e9tente ne sont pas exclusivement r\u00e9serv\u00e9es aux femmes.\u00a0\u00a0 Je vous ouvre donc les portes de mon institut Messieurs. Profitez [&hellip;]<\/p>\n","protected":false},"author":1,"featured_media":0,"parent":0,"menu_order":0,"comment_status":"closed","ping_status":"closed","template":"","meta":{"footnotes":""},"class_list":["post-790","page","type-page","status-publish","hentry","entry"],"yoast_head":"<!-- This site is optimized with the Yoast SEO plugin v25.9 - https:\/\/yoast.com\/wordpress\/plugins\/seo\/ -->\n<title>Soins Hommes - WordPress<\/title>\n<meta name=\"description\" content=\"Messieurs, offrez-vous un moment de relaxation avec les soins du visage hommes, les massages du visage ou du corps, la beaut\u00e9 des mains,...\" \/>\n<meta name=\"robots\" content=\"index, follow, max-snippet:-1, max-image-preview:large, max-video-preview:-1\" \/>\n<link rel=\"canonical\" href=\"https:\/\/mylesthetique.com\/index.php\/soins-hommes\/\" \/>\n<meta property=\"og:locale\" content=\"fr_FR\" \/>\n<meta property=\"og:type\" content=\"article\" \/>\n<meta property=\"og:title\" content=\"Soins Hommes - WordPress\" \/>\n<meta property=\"og:description\" content=\"Messieurs, offrez-vous un moment de relaxation avec les soins du visage hommes, les massages du visage ou du corps, la beaut\u00e9 des mains,...\" \/>\n<meta property=\"og:url\" content=\"https:\/\/mylesthetique.com\/index.php\/soins-hommes\/\" \/>\n<meta property=\"og:site_name\" content=\"WordPress\" \/>\n<meta property=\"article:modified_time\" content=\"2026-02-05T10:18:07+00:00\" \/>\n<meta property=\"og:image\" content=\"https:\/\/mylesthetique.com\/wp-content\/uploads\/2024\/01\/20231018_121352_0005-e1704979677225.png\" \/>\n<meta name=\"twitter:card\" content=\"summary_large_image\" \/>\n<meta name=\"twitter:label1\" content=\"Dur\u00e9e de lecture estim\u00e9e\" \/>\n\t<meta name=\"twitter:data1\" content=\"2 minutes\" \/>\n<script type=\"application\/ld+json\" class=\"yoast-schema-graph\">{\"@context\":\"https:\/\/schema.org\",\"@graph\":[{\"@type\":\"WebPage\",\"@id\":\"https:\/\/mylesthetique.com\/index.php\/soins-hommes\/\",\"url\":\"https:\/\/mylesthetique.com\/index.php\/soins-hommes\/\",\"name\":\"Soins Hommes - WordPress\",\"isPartOf\":{\"@id\":\"https:\/\/mylesthetique.com\/#website\"},\"primaryImageOfPage\":{\"@id\":\"https:\/\/mylesthetique.com\/index.php\/soins-hommes\/#primaryimage\"},\"image\":{\"@id\":\"https:\/\/mylesthetique.com\/index.php\/soins-hommes\/#primaryimage\"},\"thumbnailUrl\":\"https:\/\/mylesthetique.com\/wp-content\/uploads\/2024\/01\/20231018_121352_0005-e1704979677225.png\",\"datePublished\":\"2024-01-11T14:48:56+00:00\",\"dateModified\":\"2026-02-05T10:18:07+00:00\",\"description\":\"Messieurs, offrez-vous un moment de relaxation avec les soins du visage hommes, les massages du visage ou du corps, la beaut\u00e9 des mains,...\",\"breadcrumb\":{\"@id\":\"https:\/\/mylesthetique.com\/index.php\/soins-hommes\/#breadcrumb\"},\"inLanguage\":\"fr-FR\",\"potentialAction\":[{\"@type\":\"ReadAction\",\"target\":[\"https:\/\/mylesthetique.com\/index.php\/soins-hommes\/\"]}]},{\"@type\":\"ImageObject\",\"inLanguage\":\"fr-FR\",\"@id\":\"https:\/\/mylesthetique.com\/index.php\/soins-hommes\/#primaryimage\",\"url\":\"https:\/\/mylesthetique.com\/wp-content\/uploads\/2024\/01\/20231018_121352_0005-e1704979677225.png\",\"contentUrl\":\"https:\/\/mylesthetique.com\/wp-content\/uploads\/2024\/01\/20231018_121352_0005-e1704979677225.png\",\"width\":867,\"height\":602,\"caption\":\"soins visage hommes\"},{\"@type\":\"BreadcrumbList\",\"@id\":\"https:\/\/mylesthetique.com\/index.php\/soins-hommes\/#breadcrumb\",\"itemListElement\":[{\"@type\":\"ListItem\",\"position\":1,\"name\":\"Accueil\",\"item\":\"https:\/\/mylesthetique.com\/\"},{\"@type\":\"ListItem\",\"position\":2,\"name\":\"Soins Hommes\"}]},{\"@type\":\"WebSite\",\"@id\":\"https:\/\/mylesthetique.com\/#website\",\"url\":\"https:\/\/mylesthetique.com\/\",\"name\":\"WordPress\",\"description\":\"Un site utilisant WordPress\",\"publisher\":{\"@id\":\"https:\/\/mylesthetique.com\/#organization\"},\"potentialAction\":[{\"@type\":\"SearchAction\",\"target\":{\"@type\":\"EntryPoint\",\"urlTemplate\":\"https:\/\/mylesthetique.com\/?s={search_term_string}\"},\"query-input\":{\"@type\":\"PropertyValueSpecification\",\"valueRequired\":true,\"valueName\":\"search_term_string\"}}],\"inLanguage\":\"fr-FR\"},{\"@type\":\"Organization\",\"@id\":\"https:\/\/mylesthetique.com\/#organization\",\"name\":\"WordPress\",\"url\":\"https:\/\/mylesthetique.com\/\",\"logo\":{\"@type\":\"ImageObject\",\"inLanguage\":\"fr-FR\",\"@id\":\"https:\/\/mylesthetique.com\/#\/schema\/logo\/image\/\",\"url\":\"https:\/\/mylesthetique.com\/wp-content\/uploads\/2023\/09\/cropped-myl-esthetique.png\",\"contentUrl\":\"https:\/\/mylesthetique.com\/wp-content\/uploads\/2023\/09\/cropped-myl-esthetique.png\",\"width\":1050,\"height\":270,\"caption\":\"WordPress\"},\"image\":{\"@id\":\"https:\/\/mylesthetique.com\/#\/schema\/logo\/image\/\"}}]}<\/script>\n<!-- \/ Yoast SEO plugin. -->","yoast_head_json":{"title":"Soins Hommes - WordPress","description":"Messieurs, offrez-vous un moment de relaxation avec les soins du visage hommes, les massages du visage ou du corps, la beaut\u00e9 des mains,...","robots":{"index":"index","follow":"follow","max-snippet":"max-snippet:-1","max-image-preview":"max-image-preview:large","max-video-preview":"max-video-preview:-1"},"canonical":"https:\/\/mylesthetique.com\/index.php\/soins-hommes\/","og_locale":"fr_FR","og_type":"article","og_title":"Soins Hommes - WordPress","og_description":"Messieurs, offrez-vous un moment de relaxation avec les soins du visage hommes, les massages du visage ou du corps, la beaut\u00e9 des mains,...","og_url":"https:\/\/mylesthetique.com\/index.php\/soins-hommes\/","og_site_name":"WordPress","article_modified_time":"2026-02-05T10:18:07+00:00","og_image":[{"url":"https:\/\/mylesthetique.com\/wp-content\/uploads\/2024\/01\/20231018_121352_0005-e1704979677225.png","type":"","width":"","height":""}],"twitter_card":"summary_large_image","twitter_misc":{"Dur\u00e9e de lecture estim\u00e9e":"2 minutes"},"schema":{"@context":"https:\/\/schema.org","@graph":[{"@type":"WebPage","@id":"https:\/\/mylesthetique.com\/index.php\/soins-hommes\/","url":"https:\/\/mylesthetique.com\/index.php\/soins-hommes\/","name":"Soins Hommes - WordPress","isPartOf":{"@id":"https:\/\/mylesthetique.com\/#website"},"primaryImageOfPage":{"@id":"https:\/\/mylesthetique.com\/index.php\/soins-hommes\/#primaryimage"},"image":{"@id":"https:\/\/mylesthetique.com\/index.php\/soins-hommes\/#primaryimage"},"thumbnailUrl":"https:\/\/mylesthetique.com\/wp-content\/uploads\/2024\/01\/20231018_121352_0005-e1704979677225.png","datePublished":"2024-01-11T14:48:56+00:00","dateModified":"2026-02-05T10:18:07+00:00","description":"Messieurs, offrez-vous un moment de relaxation avec les soins du visage hommes, les massages du visage ou du corps, la beaut\u00e9 des mains,...","breadcrumb":{"@id":"https:\/\/mylesthetique.com\/index.php\/soins-hommes\/#breadcrumb"},"inLanguage":"fr-FR","potentialAction":[{"@type":"ReadAction","target":["https:\/\/mylesthetique.com\/index.php\/soins-hommes\/"]}]},{"@type":"ImageObject","inLanguage":"fr-FR","@id":"https:\/\/mylesthetique.com\/index.php\/soins-hommes\/#primaryimage","url":"https:\/\/mylesthetique.com\/wp-content\/uploads\/2024\/01\/20231018_121352_0005-e1704979677225.png","contentUrl":"https:\/\/mylesthetique.com\/wp-content\/uploads\/2024\/01\/20231018_121352_0005-e1704979677225.png","width":867,"height":602,"caption":"soins visage hommes"},{"@type":"BreadcrumbList","@id":"https:\/\/mylesthetique.com\/index.php\/soins-hommes\/#breadcrumb","itemListElement":[{"@type":"ListItem","position":1,"name":"Accueil","item":"https:\/\/mylesthetique.com\/"},{"@type":"ListItem","position":2,"name":"Soins Hommes"}]},{"@type":"WebSite","@id":"https:\/\/mylesthetique.com\/#website","url":"https:\/\/mylesthetique.com\/","name":"WordPress","description":"Un site utilisant WordPress","publisher":{"@id":"https:\/\/mylesthetique.com\/#organization"},"potentialAction":[{"@type":"SearchAction","target":{"@type":"EntryPoint","urlTemplate":"https:\/\/mylesthetique.com\/?s={search_term_string}"},"query-input":{"@type":"PropertyValueSpecification","valueRequired":true,"valueName":"search_term_string"}}],"inLanguage":"fr-FR"},{"@type":"Organization","@id":"https:\/\/mylesthetique.com\/#organization","name":"WordPress","url":"https:\/\/mylesthetique.com\/","logo":{"@type":"ImageObject","inLanguage":"fr-FR","@id":"https:\/\/mylesthetique.com\/#\/schema\/logo\/image\/","url":"https:\/\/mylesthetique.com\/wp-content\/uploads\/2023\/09\/cropped-myl-esthetique.png","contentUrl":"https:\/\/mylesthetique.com\/wp-content\/uploads\/2023\/09\/cropped-myl-esthetique.png","width":1050,"height":270,"caption":"WordPress"},"image":{"@id":"https:\/\/mylesthetique.com\/#\/schema\/logo\/image\/"}}]}},"_links":{"self":[{"href":"https:\/\/mylesthetique.com\/index.php\/wp-json\/wp\/v2\/pages\/790","targetHints":{"allow":["GET"]}}],"collection":[{"href":"https:\/\/mylesthetique.com\/index.php\/wp-json\/wp\/v2\/pages"}],"about":[{"href":"https:\/\/mylesthetique.com\/index.php\/wp-json\/wp\/v2\/types\/page"}],"author":[{"embeddable":true,"href":"https:\/\/mylesthetique.com\/index.php\/wp-json\/wp\/v2\/users\/1"}],"replies":[{"embeddable":true,"href":"https:\/\/mylesthetique.com\/index.php\/wp-json\/wp\/v2\/comments?post=790"}],"version-history":[{"count":23,"href":"https:\/\/mylesthetique.com\/index.php\/wp-json\/wp\/v2\/pages\/790\/revisions"}],"predecessor-version":[{"id":2218,"href":"https:\/\/mylesthetique.com\/index.php\/wp-json\/wp\/v2\/pages\/790\/revisions\/2218"}],"wp:attachment":[{"href":"https:\/\/mylesthetique.com\/index.php\/wp-json\/wp\/v2\/media?parent=790"}],"curies":[{"name":"wp","href":"https:\/\/api.w.org\/{rel}","templated":true}]}}