{"id":514,"date":"2023-10-06T16:13:58","date_gmt":"2023-10-06T14:13:58","guid":{"rendered":"https:\/\/mylesthetique.com\/?page_id=514"},"modified":"2025-11-27T11:48:28","modified_gmt":"2025-11-27T10:48:28","slug":"mentions-legales-conditions-generales","status":"publish","type":"page","link":"https:\/\/mylesthetique.com\/index.php\/mentions-legales-conditions-generales\/","title":{"rendered":"Mentions l\u00e9gales et conditions g\u00e9n\u00e9rales de vente"},"content":{"rendered":"\t\t<div data-elementor-type=\"wp-page\" data-elementor-id=\"514\" class=\"elementor elementor-514\">\n\t\t\t\t<div class=\"elementor-element elementor-element-f6bad04 e-flex e-con-boxed e-con e-parent\" data-id=\"f6bad04\" data-element_type=\"container\">\n\t\t\t\t\t<div class=\"e-con-inner\">\n\t\t\t\t<div class=\"elementor-element elementor-element-46404b1 elementor-widget elementor-widget-heading\" data-id=\"46404b1\" data-element_type=\"widget\" data-widget_type=\"heading.default\">\n\t\t\t\t<div class=\"elementor-widget-container\">\n\t\t\t\t\t<h1 class=\"elementor-heading-title elementor-size-default\">Mentions l\u00e9gales et conditions g\u00e9n\u00e9rales de vente<\/h1>\t\t\t\t<\/div>\n\t\t\t\t<\/div>\n\t\t\t\t\t<\/div>\n\t\t\t\t<\/div>\n\t\t<div class=\"elementor-element elementor-element-358cb71 e-flex e-con-boxed e-con e-parent\" data-id=\"358cb71\" data-element_type=\"container\">\n\t\t\t\t\t<div class=\"e-con-inner\">\n\t\t\t\t<div class=\"elementor-element elementor-element-c6a34c4 elementor-widget elementor-widget-text-editor\" data-id=\"c6a34c4\" data-element_type=\"widget\" data-widget_type=\"text-editor.default\">\n\t\t\t\t<div class=\"elementor-widget-container\">\n\t\t\t\t\t\t\t\t\t<p>Voici les mentions l\u00e9gales et conditions g\u00e9n\u00e9rales de vente vous sont pr\u00e9sent\u00e9es sur cette page afin de vous offrir un maximum de transparence. Conform\u00e9ment aux dispositions de la loi n\u00b0 2004-575 du 21 juin 2004 pour la confiance en l&rsquo;\u00e9conomie num\u00e9rique, il est pr\u00e9cis\u00e9 aux utilisateurs du Site l&rsquo;identit\u00e9 des diff\u00e9rents intervenants dans le cadre de sa r\u00e9alisation et de son suivi. Vous trouverez ci-joint la liste des mentions l\u00e9gales et conditions g\u00e9n\u00e9rales de vente.<\/p>\t\t\t\t\t\t\t\t<\/div>\n\t\t\t\t<\/div>\n\t\t\t\t\t<\/div>\n\t\t\t\t<\/div>\n\t\t<div class=\"elementor-element elementor-element-44ac087 e-flex e-con-boxed e-con e-parent\" data-id=\"44ac087\" data-element_type=\"container\">\n\t\t\t\t\t<div class=\"e-con-inner\">\n\t\t\t\t<div class=\"elementor-element elementor-element-8f934df elementor-widget elementor-widget-image\" data-id=\"8f934df\" data-element_type=\"widget\" data-widget_type=\"image.default\">\n\t\t\t\t<div class=\"elementor-widget-container\">\n\t\t\t\t\t\t\t\t\t\t\t\t\t\t\t<img fetchpriority=\"high\" decoding=\"async\" width=\"563\" height=\"572\" src=\"https:\/\/mylesthetique.com\/wp-content\/uploads\/2023\/10\/Myl-e1698071039552.png\" class=\"attachment-full size-full wp-image-649\" alt=\"mentions l\u00e9gales et conditions de vente\" srcset=\"https:\/\/mylesthetique.com\/wp-content\/uploads\/2023\/10\/Myl-e1698071039552.png 563w, https:\/\/mylesthetique.com\/wp-content\/uploads\/2023\/10\/Myl-e1698071039552-295x300.png 295w\" sizes=\"(max-width: 563px) 100vw, 563px\" \/>\t\t\t\t\t\t\t\t\t\t\t\t\t\t\t<\/div>\n\t\t\t\t<\/div>\n\t\t\t\t\t<\/div>\n\t\t\t\t<\/div>\n\t\t<div class=\"elementor-element elementor-element-9321395 e-flex e-con-boxed e-con e-parent\" data-id=\"9321395\" data-element_type=\"container\">\n\t\t\t\t\t<div class=\"e-con-inner\">\n\t\t\t\t<div class=\"elementor-element elementor-element-2668997 elementor-widget elementor-widget-heading\" data-id=\"2668997\" data-element_type=\"widget\" data-widget_type=\"heading.default\">\n\t\t\t\t<div class=\"elementor-widget-container\">\n\t\t\t\t\t<h2 class=\"elementor-heading-title elementor-size-default\">Conditions g\u00e9n\u00e9rales de vente<\/h2>\t\t\t\t<\/div>\n\t\t\t\t<\/div>\n\t\t\t\t\t<\/div>\n\t\t\t\t<\/div>\n\t\t<div class=\"elementor-element elementor-element-5b1ac15 e-flex e-con-boxed e-con e-parent\" data-id=\"5b1ac15\" data-element_type=\"container\">\n\t\t\t\t\t<div class=\"e-con-inner\">\n\t\t\t\t<div class=\"elementor-element elementor-element-ca4ffa1 elementor-widget elementor-widget-text-editor\" data-id=\"ca4ffa1\" data-element_type=\"widget\" data-widget_type=\"text-editor.default\">\n\t\t\t\t<div class=\"elementor-widget-container\">\n\t\t\t\t\t\t\t\t\t<p>Veuillez trouver ci joint la liste des conditions g\u00e9n\u00e9rales de vente concernant les remises ainsi que les cartes cadeaux.<\/p>\t\t\t\t\t\t\t\t<\/div>\n\t\t\t\t<\/div>\n\t\t\t\t\t<\/div>\n\t\t\t\t<\/div>\n\t\t<div class=\"elementor-element elementor-element-18a1df2 e-flex e-con-boxed e-con e-parent\" data-id=\"18a1df2\" data-element_type=\"container\">\n\t\t\t\t\t<div class=\"e-con-inner\">\n\t\t\t\t<div class=\"elementor-element elementor-element-df56c2a elementor-widget elementor-widget-heading\" data-id=\"df56c2a\" data-element_type=\"widget\" data-widget_type=\"heading.default\">\n\t\t\t\t<div class=\"elementor-widget-container\">\n\t\t\t\t\t<h3 class=\"elementor-heading-title elementor-size-default\">La carte de parrainage<\/h3>\t\t\t\t<\/div>\n\t\t\t\t<\/div>\n\t\t\t\t<div class=\"elementor-element elementor-element-fa8c007 elementor-widget elementor-widget-text-editor\" data-id=\"fa8c007\" data-element_type=\"widget\" data-widget_type=\"text-editor.default\">\n\t\t\t\t<div class=\"elementor-widget-container\">\n\t\t\t\t\t\t\t\t\t<p>La remise offerte gr\u00e2ce aux cartes de parrainage ne peut \u00eatre cumulable avec les :&nbsp;<\/p>\n<ul>\n<li>forfaits,&nbsp;<\/li>\n<li>offres en cours,<\/li>\n<li><span style=\"font-size: 14px; color: var( --e-global-color-text ); text-align: var(--text-align);\">autres remises exceptionnelles.<\/span><\/li>\n<\/ul>\n<div>Cette carte est utilisable uniquement sur les soins et non sur les produits. De plus, en temps que parrain si vous avez plusieurs remises parrainage, une seule sera compt\u00e9e. Elles ne sont donc pas cumulables entre elles. La direction se r\u00e9serve le droit d&rsquo;arr\u00eater les cartes de parrainage \u00e0 tout moment. La remise est valable sur un seul soin et non sur l&rsquo;int\u00e9gralit\u00e9 du rendez-vous an cas de plusieurs prestations.<\/div>\t\t\t\t\t\t\t\t<\/div>\n\t\t\t\t<\/div>\n\t\t\t\t\t<\/div>\n\t\t\t\t<\/div>\n\t\t<div class=\"elementor-element elementor-element-6fb21d1 e-flex e-con-boxed e-con e-parent\" data-id=\"6fb21d1\" data-element_type=\"container\">\n\t\t\t\t\t<div class=\"e-con-inner\">\n\t\t\t\t<div class=\"elementor-element elementor-element-8557fdb elementor-widget elementor-widget-heading\" data-id=\"8557fdb\" data-element_type=\"widget\" data-widget_type=\"heading.default\">\n\t\t\t\t<div class=\"elementor-widget-container\">\n\t\t\t\t\t<h3 class=\"elementor-heading-title elementor-size-default\">La vente cartes cadeaux<\/h3>\t\t\t\t<\/div>\n\t\t\t\t<\/div>\n\t\t\t\t\t<\/div>\n\t\t\t\t<\/div>\n\t\t<div class=\"elementor-element elementor-element-ad3559d e-flex e-con-boxed e-con e-parent\" data-id=\"ad3559d\" data-element_type=\"container\">\n\t\t\t\t\t<div class=\"e-con-inner\">\n\t\t\t\t<div class=\"elementor-element elementor-element-1416b53 elementor-widget elementor-widget-text-editor\" data-id=\"1416b53\" data-element_type=\"widget\" data-widget_type=\"text-editor.default\">\n\t\t\t\t<div class=\"elementor-widget-container\">\n\t\t\t\t\t\t\t\t\t<p>Les cartes cadeaux sont valables pour une dur\u00e9e de 6 mois \u00e0 compt\u00e9 du paiement.<\/p>\t\t\t\t\t\t\t\t<\/div>\n\t\t\t\t<\/div>\n\t\t\t\t\t<\/div>\n\t\t\t\t<\/div>\n\t\t<div class=\"elementor-element elementor-element-367d02b e-flex e-con-boxed e-con e-parent\" data-id=\"367d02b\" data-element_type=\"container\">\n\t\t\t\t\t<div class=\"e-con-inner\">\n\t\t\t\t<div class=\"elementor-element elementor-element-f0092e3 elementor-widget elementor-widget-heading\" data-id=\"f0092e3\" data-element_type=\"widget\" data-widget_type=\"heading.default\">\n\t\t\t\t<div class=\"elementor-widget-container\">\n\t\t\t\t\t<h3 class=\"elementor-heading-title elementor-size-default\">Conditions g\u00e9n\u00e9rales de vente li\u00e9es aux partenariats<\/h3>\t\t\t\t<\/div>\n\t\t\t\t<\/div>\n\t\t\t\t\t<\/div>\n\t\t\t\t<\/div>\n\t\t<div class=\"elementor-element elementor-element-860c129 e-flex e-con-boxed e-con e-parent\" data-id=\"860c129\" data-element_type=\"container\">\n\t\t\t\t\t<div class=\"e-con-inner\">\n\t\t\t\t<div class=\"elementor-element elementor-element-aac32a2 elementor-widget elementor-widget-text-editor\" data-id=\"aac32a2\" data-element_type=\"widget\" data-widget_type=\"text-editor.default\">\n\t\t\t\t<div class=\"elementor-widget-container\">\n\t\t\t\t\t\t\t\t\t<p>Des partenariats avec des entreprises ont \u00e9t\u00e9 propos\u00e9s. Ceux-ci permettent aux salari\u00e9s de pouvoir b\u00e9n\u00e9ficier de remise sur les :<\/p><p>* soins du visage,<\/p><p>* massages du visage,<\/p><p>* massages du corps.<\/p><p>Hors cure et offres.<\/p><p>Les remises concernent uniquement les salari\u00e9s (sur pr\u00e9sentation d&rsquo;un justificatif) et non leur famille.<\/p><p>Afin de b\u00e9n\u00e9ficier de ces remises, merci de bien vouloir vous munir d&rsquo;un justificatif d&rsquo;appartenance aux entreprises partenaires (badge, contrat de travail ou autre).<\/p><p>Ces remises sont valables jusqu&rsquo;au 31 d\u00e9cembre 2026. La direction se r\u00e9serve le droit de reconduire ou d&rsquo;arr\u00eater les parrainages apr\u00e8s cette date.<\/p>\t\t\t\t\t\t\t\t<\/div>\n\t\t\t\t<\/div>\n\t\t\t\t\t<\/div>\n\t\t\t\t<\/div>\n\t\t<div class=\"elementor-element elementor-element-f0361f2 e-flex e-con-boxed e-con e-parent\" data-id=\"f0361f2\" data-element_type=\"container\">\n\t\t\t\t\t<div class=\"e-con-inner\">\n\t\t\t\t<div class=\"elementor-element elementor-element-85b6645 elementor-widget elementor-widget-text-editor\" data-id=\"85b6645\" data-element_type=\"widget\" data-widget_type=\"text-editor.default\">\n\t\t\t\t<div class=\"elementor-widget-container\">\n\t\t\t\t\t\t\t\t\t<p>Pour d\u00e9couvrir les offres rendez-vous sur ma page Instagram\u00a0<a href=\"https:\/\/www.instagram.com\/myl.esthetique_estheticienne\/\">Par ici<\/a><\/p>\t\t\t\t\t\t\t\t<\/div>\n\t\t\t\t<\/div>\n\t\t\t\t\t<\/div>\n\t\t\t\t<\/div>\n\t\t<div class=\"elementor-element elementor-element-e2c46c8 e-flex e-con-boxed e-con e-parent\" data-id=\"e2c46c8\" data-element_type=\"container\">\n\t\t\t\t\t<div class=\"e-con-inner\">\n\t\t\t\t<div class=\"elementor-element elementor-element-bfe36ce elementor-widget elementor-widget-heading\" data-id=\"bfe36ce\" data-element_type=\"widget\" data-widget_type=\"heading.default\">\n\t\t\t\t<div class=\"elementor-widget-container\">\n\t\t\t\t\t<h2 class=\"elementor-heading-title elementor-size-default\">Les mentions l\u00e9gales<\/h2>\t\t\t\t<\/div>\n\t\t\t\t<\/div>\n\t\t\t\t\t<\/div>\n\t\t\t\t<\/div>\n\t\t<div class=\"elementor-element elementor-element-485697a e-flex e-con-boxed e-con e-parent\" data-id=\"485697a\" data-element_type=\"container\">\n\t\t\t\t\t<div class=\"e-con-inner\">\n\t\t\t\t<div class=\"elementor-element elementor-element-879c6cf elementor-widget elementor-widget-heading\" data-id=\"879c6cf\" data-element_type=\"widget\" data-widget_type=\"heading.default\">\n\t\t\t\t<div class=\"elementor-widget-container\">\n\t\t\t\t\t<h3 class=\"elementor-heading-title elementor-size-default\">Mentions l\u00e9gales li\u00e9es \u00e0 l'Identification<\/h3>\t\t\t\t<\/div>\n\t\t\t\t<\/div>\n\t\t\t\t\t<\/div>\n\t\t\t\t<\/div>\n\t\t<div class=\"elementor-element elementor-element-8ce4350 e-flex e-con-boxed e-con e-parent\" data-id=\"8ce4350\" data-element_type=\"container\">\n\t\t\t\t\t<div class=\"e-con-inner\">\n\t\t\t\t<div class=\"elementor-element elementor-element-9725231 elementor-widget elementor-widget-text-editor\" data-id=\"9725231\" data-element_type=\"widget\" data-widget_type=\"text-editor.default\">\n\t\t\t\t<div class=\"elementor-widget-container\">\n\t\t\t\t\t\t\t\t\t<ol><li><strong>Auto entreprise<\/strong><\/li><\/ol><p>Si\u00e8ge social : 587 route de Grasse 06530 Saint Cezaire sur Siagne<\/p><p>T\u00e9l\u00e9phone : 06.18.67.08.85<\/p><p>E-mail : mylesthetique@mylesthetique.com<\/p><p>N\u00b0 immatriculation r\u00e9pertoire des m\u00e9tiers : ENT23-001104701<\/p><p>Code APE : 9602B<\/p><p>N\u00b0 Siren : 979298742<\/p><p>Dipl\u00f4me obtenus :\u00a0<\/p><p><strong>CAP<\/strong> Esth\u00e9tique, cosm\u00e9tique et parfumerie obtenu en 2023 \u00e9cole IFP Cannes la Bocca,<\/p><p><span style=\"font-size: 14px;\">Certificats professionnels :<\/span><\/p><ul><li><span style=\"font-size: 14px;\">\u00a0<\/span><strong style=\"font-size: 14px;\">Kobido<\/strong><span style=\"font-size: 14px;\"> obtenu en 2022, Vitaesph\u00e8re Fr\u00e9jus<\/span><span style=\"font-size: 14px;\">Certificats professionnels,<\/span><\/li><li><span style=\"font-size: 14px;\">\u00a0<\/span><strong style=\"font-size: 14px;\">Mad\u00e9roth\u00e9rapie corps et visage<\/strong><span style=\"font-size: 14px;\">, 2023<\/span><\/li><li><strong style=\"font-size: 14px;\">Shiatsu Cr\u00e2nien bien-\u00eatre, 2023<\/strong><\/li><li><strong style=\"font-size: 14px;\">Rituel corps<\/strong><span style=\"font-size: 14px;\"> (gommage, massage Californien, enveloppement)\u00a0 2023\u00a0<\/span><\/li><li><span style=\"font-size: 14px;\"><strong>LOMI LOMI<\/strong>, 2025<\/span><\/li><li><strong>Hydra Skin<\/strong>, 2025<\/li><li><strong>Pierres Chaudes<\/strong>, 2025<\/li><li><strong>Chi Nei Tsang<\/strong>, 2025<\/li><\/ul><p>Vos coordonn\u00e9es ne seront nullement revendues.<\/p><p><strong>\u00c9diteur :<\/strong><\/p><p>Myl\u00e8ne C\u00e9sar Myl Esthetique<\/p><p><strong>H\u00e9bergeur :<\/strong><\/p><p>OVH Groupe SAS Code APE 2620 Z 2 rue Kellermann 59100Roubaix Contact t\u00e9l\u00e9phonique 1007<\/p><p><strong>Centre de Conciliation :<\/strong><\/p><p>CM2C\u00a0 49 rue de Ponthieu 75008 Paris email: cm2c.net<\/p>\t\t\t\t\t\t\t\t<\/div>\n\t\t\t\t<\/div>\n\t\t\t\t\t<\/div>\n\t\t\t\t<\/div>\n\t\t<div class=\"elementor-element elementor-element-6263039 e-flex e-con-boxed e-con e-parent\" data-id=\"6263039\" data-element_type=\"container\">\n\t\t\t\t\t<div class=\"e-con-inner\">\n\t\t\t\t<div class=\"elementor-element elementor-element-474b879 elementor-widget elementor-widget-heading\" data-id=\"474b879\" data-element_type=\"widget\" data-widget_type=\"heading.default\">\n\t\t\t\t<div class=\"elementor-widget-container\">\n\t\t\t\t\t<h3 class=\"elementor-heading-title elementor-size-default\">R\u00e9glementation de la profession<\/h3>\t\t\t\t<\/div>\n\t\t\t\t<\/div>\n\t\t\t\t\t<\/div>\n\t\t\t\t<\/div>\n\t\t<div class=\"elementor-element elementor-element-15b8e50 e-flex e-con-boxed e-con e-parent\" data-id=\"15b8e50\" data-element_type=\"container\">\n\t\t\t\t\t<div class=\"e-con-inner\">\n\t\t\t\t<div class=\"elementor-element elementor-element-856746e elementor-widget elementor-widget-text-editor\" data-id=\"856746e\" data-element_type=\"widget\" data-widget_type=\"text-editor.default\">\n\t\t\t\t<div class=\"elementor-widget-container\">\n\t\t\t\t\t\t\t\t\t<p>Voici la liste des r\u00e9glementations&nbsp; de la profession d&rsquo;esth\u00e9ticienne :<\/p>\n<ul>\n<li>la loi du 5 juillet 1996 relative au d\u00e9veloppement et \u00e0 la promotion du commerce et de l&rsquo;artisanat,<\/li>\n<li>loi du 2 avril 1998 et au d\u00e9cret du 4 mai 2017 relatifs \u00e0 la qualification professionnelle exig\u00e9e,&nbsp;<\/li>\n<li>arr\u00eat\u00e9 du 6 janvier 1962 fixant les limites de comp\u00e9tences.<\/li>\n<\/ul>\t\t\t\t\t\t\t\t<\/div>\n\t\t\t\t<\/div>\n\t\t\t\t\t<\/div>\n\t\t\t\t<\/div>\n\t\t\t\t<\/div>\n\t\t","protected":false},"excerpt":{"rendered":"<p>Mentions l\u00e9gales et conditions g\u00e9n\u00e9rales de vente Voici les mentions l\u00e9gales et conditions g\u00e9n\u00e9rales de vente vous sont pr\u00e9sent\u00e9es sur cette page afin de vous offrir un maximum de transparence. Conform\u00e9ment aux dispositions de la loi n\u00b0 2004-575 du 21 juin 2004 pour la confiance en l&rsquo;\u00e9conomie num\u00e9rique, il est pr\u00e9cis\u00e9 aux utilisateurs du Site [&hellip;]<\/p>\n","protected":false},"author":1,"featured_media":0,"parent":0,"menu_order":0,"comment_status":"closed","ping_status":"closed","template":"","meta":{"footnotes":""},"class_list":["post-514","page","type-page","status-publish","hentry","entry"],"yoast_head":"<!-- This site is optimized with the Yoast SEO plugin v25.9 - https:\/\/yoast.com\/wordpress\/plugins\/seo\/ -->\n<title>Mentions l\u00e9gales et conditions g\u00e9n\u00e9rales de vente - WordPress<\/title>\n<meta name=\"description\" content=\"mentions l\u00e9gales h\u00e9bergeur dipl\u00f4mes certifications professionnelles esth\u00e9ticienne saint cezaire sur siagne et conditions g\u00e9n\u00e9rales de vente\" \/>\n<meta name=\"robots\" content=\"index, follow, max-snippet:-1, max-image-preview:large, max-video-preview:-1\" \/>\n<link rel=\"canonical\" href=\"https:\/\/mylesthetique.com\/index.php\/mentions-legales-conditions-generales\/\" \/>\n<meta property=\"og:locale\" content=\"fr_FR\" \/>\n<meta property=\"og:type\" content=\"article\" \/>\n<meta property=\"og:title\" content=\"Mentions l\u00e9gales et conditions g\u00e9n\u00e9rales de vente - WordPress\" \/>\n<meta property=\"og:description\" content=\"mentions l\u00e9gales h\u00e9bergeur dipl\u00f4mes certifications professionnelles esth\u00e9ticienne saint cezaire sur siagne et conditions g\u00e9n\u00e9rales de vente\" \/>\n<meta property=\"og:url\" content=\"https:\/\/mylesthetique.com\/index.php\/mentions-legales-conditions-generales\/\" \/>\n<meta property=\"og:site_name\" content=\"WordPress\" \/>\n<meta property=\"article:modified_time\" content=\"2025-11-27T10:48:28+00:00\" \/>\n<meta property=\"og:image\" content=\"https:\/\/mylesthetique.com\/wp-content\/uploads\/2023\/10\/Myl-e1698071039552.png\" \/>\n\t<meta property=\"og:image:width\" content=\"563\" \/>\n\t<meta property=\"og:image:height\" content=\"572\" \/>\n\t<meta property=\"og:image:type\" content=\"image\/png\" \/>\n<meta name=\"twitter:card\" content=\"summary_large_image\" \/>\n<meta name=\"twitter:label1\" content=\"Dur\u00e9e de lecture estim\u00e9e\" \/>\n\t<meta name=\"twitter:data1\" content=\"3 minutes\" \/>\n<script type=\"application\/ld+json\" class=\"yoast-schema-graph\">{\"@context\":\"https:\/\/schema.org\",\"@graph\":[{\"@type\":\"WebPage\",\"@id\":\"https:\/\/mylesthetique.com\/index.php\/mentions-legales-conditions-generales\/\",\"url\":\"https:\/\/mylesthetique.com\/index.php\/mentions-legales-conditions-generales\/\",\"name\":\"Mentions l\u00e9gales et conditions g\u00e9n\u00e9rales de vente - WordPress\",\"isPartOf\":{\"@id\":\"https:\/\/mylesthetique.com\/#website\"},\"primaryImageOfPage\":{\"@id\":\"https:\/\/mylesthetique.com\/index.php\/mentions-legales-conditions-generales\/#primaryimage\"},\"image\":{\"@id\":\"https:\/\/mylesthetique.com\/index.php\/mentions-legales-conditions-generales\/#primaryimage\"},\"thumbnailUrl\":\"https:\/\/mylesthetique.com\/wp-content\/uploads\/2023\/10\/Myl-e1698071039552.png\",\"datePublished\":\"2023-10-06T14:13:58+00:00\",\"dateModified\":\"2025-11-27T10:48:28+00:00\",\"description\":\"mentions l\u00e9gales h\u00e9bergeur dipl\u00f4mes certifications professionnelles esth\u00e9ticienne saint cezaire sur siagne et conditions g\u00e9n\u00e9rales de vente\",\"breadcrumb\":{\"@id\":\"https:\/\/mylesthetique.com\/index.php\/mentions-legales-conditions-generales\/#breadcrumb\"},\"inLanguage\":\"fr-FR\",\"potentialAction\":[{\"@type\":\"ReadAction\",\"target\":[\"https:\/\/mylesthetique.com\/index.php\/mentions-legales-conditions-generales\/\"]}]},{\"@type\":\"ImageObject\",\"inLanguage\":\"fr-FR\",\"@id\":\"https:\/\/mylesthetique.com\/index.php\/mentions-legales-conditions-generales\/#primaryimage\",\"url\":\"https:\/\/mylesthetique.com\/wp-content\/uploads\/2023\/10\/Myl-e1698071039552.png\",\"contentUrl\":\"https:\/\/mylesthetique.com\/wp-content\/uploads\/2023\/10\/Myl-e1698071039552.png\",\"width\":563,\"height\":572,\"caption\":\"mentions l\u00e9gales conditions de vente\"},{\"@type\":\"BreadcrumbList\",\"@id\":\"https:\/\/mylesthetique.com\/index.php\/mentions-legales-conditions-generales\/#breadcrumb\",\"itemListElement\":[{\"@type\":\"ListItem\",\"position\":1,\"name\":\"Accueil\",\"item\":\"https:\/\/mylesthetique.com\/\"},{\"@type\":\"ListItem\",\"position\":2,\"name\":\"Mentions l\u00e9gales et conditions g\u00e9n\u00e9rales de vente\"}]},{\"@type\":\"WebSite\",\"@id\":\"https:\/\/mylesthetique.com\/#website\",\"url\":\"https:\/\/mylesthetique.com\/\",\"name\":\"WordPress\",\"description\":\"Un site utilisant WordPress\",\"publisher\":{\"@id\":\"https:\/\/mylesthetique.com\/#organization\"},\"potentialAction\":[{\"@type\":\"SearchAction\",\"target\":{\"@type\":\"EntryPoint\",\"urlTemplate\":\"https:\/\/mylesthetique.com\/?s={search_term_string}\"},\"query-input\":{\"@type\":\"PropertyValueSpecification\",\"valueRequired\":true,\"valueName\":\"search_term_string\"}}],\"inLanguage\":\"fr-FR\"},{\"@type\":\"Organization\",\"@id\":\"https:\/\/mylesthetique.com\/#organization\",\"name\":\"WordPress\",\"url\":\"https:\/\/mylesthetique.com\/\",\"logo\":{\"@type\":\"ImageObject\",\"inLanguage\":\"fr-FR\",\"@id\":\"https:\/\/mylesthetique.com\/#\/schema\/logo\/image\/\",\"url\":\"https:\/\/mylesthetique.com\/wp-content\/uploads\/2023\/09\/cropped-myl-esthetique.png\",\"contentUrl\":\"https:\/\/mylesthetique.com\/wp-content\/uploads\/2023\/09\/cropped-myl-esthetique.png\",\"width\":1050,\"height\":270,\"caption\":\"WordPress\"},\"image\":{\"@id\":\"https:\/\/mylesthetique.com\/#\/schema\/logo\/image\/\"}}]}<\/script>\n<!-- \/ Yoast SEO plugin. -->","yoast_head_json":{"title":"Mentions l\u00e9gales et conditions g\u00e9n\u00e9rales de vente - WordPress","description":"mentions l\u00e9gales h\u00e9bergeur dipl\u00f4mes certifications professionnelles esth\u00e9ticienne saint cezaire sur siagne et conditions g\u00e9n\u00e9rales de vente","robots":{"index":"index","follow":"follow","max-snippet":"max-snippet:-1","max-image-preview":"max-image-preview:large","max-video-preview":"max-video-preview:-1"},"canonical":"https:\/\/mylesthetique.com\/index.php\/mentions-legales-conditions-generales\/","og_locale":"fr_FR","og_type":"article","og_title":"Mentions l\u00e9gales et conditions g\u00e9n\u00e9rales de vente - WordPress","og_description":"mentions l\u00e9gales h\u00e9bergeur dipl\u00f4mes certifications professionnelles esth\u00e9ticienne saint cezaire sur siagne et conditions g\u00e9n\u00e9rales de vente","og_url":"https:\/\/mylesthetique.com\/index.php\/mentions-legales-conditions-generales\/","og_site_name":"WordPress","article_modified_time":"2025-11-27T10:48:28+00:00","og_image":[{"width":563,"height":572,"url":"https:\/\/mylesthetique.com\/wp-content\/uploads\/2023\/10\/Myl-e1698071039552.png","type":"image\/png"}],"twitter_card":"summary_large_image","twitter_misc":{"Dur\u00e9e de lecture estim\u00e9e":"3 minutes"},"schema":{"@context":"https:\/\/schema.org","@graph":[{"@type":"WebPage","@id":"https:\/\/mylesthetique.com\/index.php\/mentions-legales-conditions-generales\/","url":"https:\/\/mylesthetique.com\/index.php\/mentions-legales-conditions-generales\/","name":"Mentions l\u00e9gales et conditions g\u00e9n\u00e9rales de vente - WordPress","isPartOf":{"@id":"https:\/\/mylesthetique.com\/#website"},"primaryImageOfPage":{"@id":"https:\/\/mylesthetique.com\/index.php\/mentions-legales-conditions-generales\/#primaryimage"},"image":{"@id":"https:\/\/mylesthetique.com\/index.php\/mentions-legales-conditions-generales\/#primaryimage"},"thumbnailUrl":"https:\/\/mylesthetique.com\/wp-content\/uploads\/2023\/10\/Myl-e1698071039552.png","datePublished":"2023-10-06T14:13:58+00:00","dateModified":"2025-11-27T10:48:28+00:00","description":"mentions l\u00e9gales h\u00e9bergeur dipl\u00f4mes certifications professionnelles esth\u00e9ticienne saint cezaire sur siagne et conditions g\u00e9n\u00e9rales de vente","breadcrumb":{"@id":"https:\/\/mylesthetique.com\/index.php\/mentions-legales-conditions-generales\/#breadcrumb"},"inLanguage":"fr-FR","potentialAction":[{"@type":"ReadAction","target":["https:\/\/mylesthetique.com\/index.php\/mentions-legales-conditions-generales\/"]}]},{"@type":"ImageObject","inLanguage":"fr-FR","@id":"https:\/\/mylesthetique.com\/index.php\/mentions-legales-conditions-generales\/#primaryimage","url":"https:\/\/mylesthetique.com\/wp-content\/uploads\/2023\/10\/Myl-e1698071039552.png","contentUrl":"https:\/\/mylesthetique.com\/wp-content\/uploads\/2023\/10\/Myl-e1698071039552.png","width":563,"height":572,"caption":"mentions l\u00e9gales conditions de vente"},{"@type":"BreadcrumbList","@id":"https:\/\/mylesthetique.com\/index.php\/mentions-legales-conditions-generales\/#breadcrumb","itemListElement":[{"@type":"ListItem","position":1,"name":"Accueil","item":"https:\/\/mylesthetique.com\/"},{"@type":"ListItem","position":2,"name":"Mentions l\u00e9gales et conditions g\u00e9n\u00e9rales de vente"}]},{"@type":"WebSite","@id":"https:\/\/mylesthetique.com\/#website","url":"https:\/\/mylesthetique.com\/","name":"WordPress","description":"Un site utilisant WordPress","publisher":{"@id":"https:\/\/mylesthetique.com\/#organization"},"potentialAction":[{"@type":"SearchAction","target":{"@type":"EntryPoint","urlTemplate":"https:\/\/mylesthetique.com\/?s={search_term_string}"},"query-input":{"@type":"PropertyValueSpecification","valueRequired":true,"valueName":"search_term_string"}}],"inLanguage":"fr-FR"},{"@type":"Organization","@id":"https:\/\/mylesthetique.com\/#organization","name":"WordPress","url":"https:\/\/mylesthetique.com\/","logo":{"@type":"ImageObject","inLanguage":"fr-FR","@id":"https:\/\/mylesthetique.com\/#\/schema\/logo\/image\/","url":"https:\/\/mylesthetique.com\/wp-content\/uploads\/2023\/09\/cropped-myl-esthetique.png","contentUrl":"https:\/\/mylesthetique.com\/wp-content\/uploads\/2023\/09\/cropped-myl-esthetique.png","width":1050,"height":270,"caption":"WordPress"},"image":{"@id":"https:\/\/mylesthetique.com\/#\/schema\/logo\/image\/"}}]}},"_links":{"self":[{"href":"https:\/\/mylesthetique.com\/index.php\/wp-json\/wp\/v2\/pages\/514","targetHints":{"allow":["GET"]}}],"collection":[{"href":"https:\/\/mylesthetique.com\/index.php\/wp-json\/wp\/v2\/pages"}],"about":[{"href":"https:\/\/mylesthetique.com\/index.php\/wp-json\/wp\/v2\/types\/page"}],"author":[{"embeddable":true,"href":"https:\/\/mylesthetique.com\/index.php\/wp-json\/wp\/v2\/users\/1"}],"replies":[{"embeddable":true,"href":"https:\/\/mylesthetique.com\/index.php\/wp-json\/wp\/v2\/comments?post=514"}],"version-history":[{"count":64,"href":"https:\/\/mylesthetique.com\/index.php\/wp-json\/wp\/v2\/pages\/514\/revisions"}],"predecessor-version":[{"id":2063,"href":"https:\/\/mylesthetique.com\/index.php\/wp-json\/wp\/v2\/pages\/514\/revisions\/2063"}],"wp:attachment":[{"href":"https:\/\/mylesthetique.com\/index.php\/wp-json\/wp\/v2\/media?parent=514"}],"curies":[{"name":"wp","href":"https:\/\/api.w.org\/{rel}","templated":true}]}}