{"id":42,"date":"2023-09-14T10:06:25","date_gmt":"2023-09-14T08:06:25","guid":{"rendered":"https:\/\/mylesthetique.com\/?page_id=42"},"modified":"2026-02-05T14:41:10","modified_gmt":"2026-02-05T13:41:10","slug":"beaute-des-mains-et-des-pieds","status":"publish","type":"page","link":"https:\/\/mylesthetique.com\/index.php\/beaute-des-mains-et-des-pieds\/","title":{"rendered":"Beaut\u00e9 des mains et des pieds"},"content":{"rendered":"\t\t<div data-elementor-type=\"wp-page\" data-elementor-id=\"42\" class=\"elementor elementor-42\">\n\t\t\t\t<div class=\"elementor-element elementor-element-e2e4f69 e-flex e-con-boxed e-con e-parent\" data-id=\"e2e4f69\" data-element_type=\"container\">\n\t\t\t\t\t<div class=\"e-con-inner\">\n\t\t\t\t<div class=\"elementor-element elementor-element-8df9ae2 elementor-widget elementor-widget-image\" data-id=\"8df9ae2\" data-element_type=\"widget\" data-widget_type=\"image.default\">\n\t\t\t\t<div class=\"elementor-widget-container\">\n\t\t\t\t\t\t\t\t\t\t\t\t\t\t\t<img fetchpriority=\"high\" decoding=\"async\" width=\"739\" height=\"626\" src=\"https:\/\/mylesthetique.com\/wp-content\/uploads\/2023\/09\/manucure-e1695814962942.png\" class=\"attachment-full size-full wp-image-355\" alt=\"beaut\u00e9 des mains et des pieds soins des mains et des pieds pose de vernis\" srcset=\"https:\/\/mylesthetique.com\/wp-content\/uploads\/2023\/09\/manucure-e1695814962942.png 739w, https:\/\/mylesthetique.com\/wp-content\/uploads\/2023\/09\/manucure-e1695814962942-300x254.png 300w\" sizes=\"(max-width: 739px) 100vw, 739px\" \/>\t\t\t\t\t\t\t\t\t\t\t\t\t\t\t<\/div>\n\t\t\t\t<\/div>\n\t\t\t\t\t<\/div>\n\t\t\t\t<\/div>\n\t\t<div class=\"elementor-element elementor-element-4d39c9b e-flex e-con-boxed e-con e-parent\" data-id=\"4d39c9b\" data-element_type=\"container\">\n\t\t\t\t\t<div class=\"e-con-inner\">\n\t\t\t\t<div class=\"elementor-element elementor-element-6902bfa elementor-widget elementor-widget-text-editor\" data-id=\"6902bfa\" data-element_type=\"widget\" data-widget_type=\"text-editor.default\">\n\t\t\t\t<div class=\"elementor-widget-container\">\n\t\t\t\t\t\t\t\t\t<p>Savourez un moment de d\u00e9tente gr\u00e2ce \u00e0 une <strong>beaut\u00e9 des mains ou des pieds<\/strong>.<\/p>\t\t\t\t\t\t\t\t<\/div>\n\t\t\t\t<\/div>\n\t\t\t\t\t<\/div>\n\t\t\t\t<\/div>\n\t\t<div class=\"elementor-element elementor-element-c6b27d9 e-flex e-con-boxed e-con e-parent\" data-id=\"c6b27d9\" data-element_type=\"container\">\n\t\t\t\t\t<div class=\"e-con-inner\">\n\t\t\t\t<div class=\"elementor-element elementor-element-c40a5cc elementor-widget elementor-widget-text-editor\" data-id=\"c40a5cc\" data-element_type=\"widget\" data-widget_type=\"text-editor.default\">\n\t\t\t\t<div class=\"elementor-widget-container\">\n\t\t\t\t\t\t\t\t\t<p>Saviez vous que les soins des mains et des pieds sont essentiels?\u00a0<\/p><p>En effet, la\u00a0pose d&rsquo;un\u00a0<strong>masque<\/strong>\u00a0hydratant stimule la <strong>pousse des ongles<\/strong>.<\/p><p>Le massage permet de :<\/p><ul><li>favoriser la<strong> bonne circulation<\/strong> du sang,<\/li><li><strong>\u00e9liminer les toxines<\/strong> pr\u00e9sentent au niveau des coussinets,<\/li><li><strong>soulager les tensions musculaires<\/strong>.<\/li><\/ul><p>Le limage ne fragilise pas l&rsquo;ongle contrairement au fait de les couper et limite<strong>\u00a0l&rsquo;apparition d&rsquo;ongles incarn\u00e9s<\/strong>.<\/p><p>Les cuticules ont un <strong>r\u00f4le essentiel<\/strong> pour nos ongles, en luttant contre les microbes et bact\u00e9ries c&rsquo;est pourquoi il est imp\u00e9ratif de les travailler avec douceur.<\/p><p>Pour consulter les contre indications, cliquez sur ce lien :\u00a0<a href=\"https:\/\/mylesthetique.com\/index.php\/contre-indications\/\">Contre indications<\/a><\/p>\t\t\t\t\t\t\t\t<\/div>\n\t\t\t\t<\/div>\n\t\t\t\t<div class=\"elementor-element elementor-element-e97cf7f elementor-align-center elementor-widget elementor-widget-button\" data-id=\"e97cf7f\" data-element_type=\"widget\" data-widget_type=\"button.default\">\n\t\t\t\t<div class=\"elementor-widget-container\">\n\t\t\t\t\t\t\t\t\t<div class=\"elementor-button-wrapper\">\n\t\t\t\t\t<a class=\"elementor-button elementor-button-link elementor-size-sm\" href=\"tel:+33618670885\">\n\t\t\t\t\t\t<span class=\"elementor-button-content-wrapper\">\n\t\t\t\t\t\t\t\t\t<span class=\"elementor-button-text\">Cliquez ici pour prendre rendez-vous<\/span>\n\t\t\t\t\t<\/span>\n\t\t\t\t\t<\/a>\n\t\t\t\t<\/div>\n\t\t\t\t\t\t\t\t<\/div>\n\t\t\t\t<\/div>\n\t\t\t\t<div class=\"elementor-element elementor-element-1bf55b0 elementor-widget elementor-widget-heading\" data-id=\"1bf55b0\" data-element_type=\"widget\" data-widget_type=\"heading.default\">\n\t\t\t\t<div class=\"elementor-widget-container\">\n\t\t\t\t\t<h1 class=\"elementor-heading-title elementor-size-default\">Beaut\u00e9 des Mains et des Pieds<\/h1>\t\t\t\t<\/div>\n\t\t\t\t<\/div>\n\t\t\t\t\t<\/div>\n\t\t\t\t<\/div>\n\t\t<div class=\"elementor-element elementor-element-d2cd46b e-flex e-con-boxed e-con e-parent\" data-id=\"d2cd46b\" data-element_type=\"container\">\n\t\t\t\t\t<div class=\"e-con-inner\">\n\t\t\t\t<div class=\"elementor-element elementor-element-e2af06d elementor-widget elementor-widget-heading\" data-id=\"e2af06d\" data-element_type=\"widget\" data-widget_type=\"heading.default\">\n\t\t\t\t<div class=\"elementor-widget-container\">\n\t\t\t\t\t<h2 class=\"elementor-heading-title elementor-size-default\">Les soins des mains et des pieds<\/h2>\t\t\t\t<\/div>\n\t\t\t\t<\/div>\n\t\t\t\t\t<\/div>\n\t\t\t\t<\/div>\n\t\t<div class=\"elementor-element elementor-element-f8b50c7 e-flex e-con-boxed e-con e-parent\" data-id=\"f8b50c7\" data-element_type=\"container\">\n\t\t\t\t\t<div class=\"e-con-inner\">\n\t\t\t\t<div class=\"elementor-element elementor-element-5856e6b elementor-widget elementor-widget-text-editor\" data-id=\"5856e6b\" data-element_type=\"widget\" data-widget_type=\"text-editor.default\">\n\t\t\t\t<div class=\"elementor-widget-container\">\n\t\t\t\t\t\t\t\t\t<p>Pour prendre soin de vos mains et de vos pieds, je vous propose plusieurs solutions :<\/p>\t\t\t\t\t\t\t\t<\/div>\n\t\t\t\t<\/div>\n\t\t\t\t\t<\/div>\n\t\t\t\t<\/div>\n\t\t<div class=\"elementor-element elementor-element-493eef2 e-con-full e-flex e-con e-parent\" data-id=\"493eef2\" data-element_type=\"container\" data-settings=\"{&quot;background_background&quot;:&quot;classic&quot;}\">\n\t\t<div class=\"elementor-element elementor-element-2e84084 e-con-full e-flex e-con e-child\" data-id=\"2e84084\" data-element_type=\"container\">\n\t\t\t\t<div class=\"elementor-element elementor-element-b91a389 elementor-widget elementor-widget-heading\" data-id=\"b91a389\" data-element_type=\"widget\" data-widget_type=\"heading.default\">\n\t\t\t\t<div class=\"elementor-widget-container\">\n\t\t\t\t\t<h3 class=\"elementor-heading-title elementor-size-default\">Soin classique 20\u20ac<\/h3>\t\t\t\t<\/div>\n\t\t\t\t<\/div>\n\t\t\t\t<div class=\"elementor-element elementor-element-d67ad64 elementor-widget elementor-widget-text-editor\" data-id=\"d67ad64\" data-element_type=\"widget\" data-widget_type=\"text-editor.default\">\n\t\t\t\t<div class=\"elementor-widget-container\">\n\t\t\t\t\t\t\t\t\t<p>Ce soin comprend :\u00a0<\/p><ul><li>le limage des ongles,\u00a0<\/li><li>le travail des cuticules,<\/li><li>et un massage.<\/li><\/ul>\t\t\t\t\t\t\t\t<\/div>\n\t\t\t\t<\/div>\n\t\t\t\t<\/div>\n\t\t<div class=\"elementor-element elementor-element-29f9b28 e-con-full e-flex e-con e-child\" data-id=\"29f9b28\" data-element_type=\"container\">\n\t\t\t\t<div class=\"elementor-element elementor-element-79093fa elementor-widget elementor-widget-heading\" data-id=\"79093fa\" data-element_type=\"widget\" data-widget_type=\"heading.default\">\n\t\t\t\t<div class=\"elementor-widget-container\">\n\t\t\t\t\t<h3 class=\"elementor-heading-title elementor-size-default\">+ vernis semi permanent<\/h3>\t\t\t\t<\/div>\n\t\t\t\t<\/div>\n\t\t\t\t<\/div>\n\t\t<div class=\"elementor-element elementor-element-1ca39e3 e-con-full e-flex e-con e-child\" data-id=\"1ca39e3\" data-element_type=\"container\">\n\t\t\t\t<div class=\"elementor-element elementor-element-8740a4f elementor-widget elementor-widget-heading\" data-id=\"8740a4f\" data-element_type=\"widget\" data-widget_type=\"heading.default\">\n\t\t\t\t<div class=\"elementor-widget-container\">\n\t\t\t\t\t<h3 class=\"elementor-heading-title elementor-size-default\">+15\u20ac<\/h3>\t\t\t\t<\/div>\n\t\t\t\t<\/div>\n\t\t\t\t<\/div>\n\t\t\t\t<\/div>\n\t\t<div class=\"elementor-element elementor-element-5c49ef7 e-con-full e-flex e-con e-parent\" data-id=\"5c49ef7\" data-element_type=\"container\" data-settings=\"{&quot;background_background&quot;:&quot;classic&quot;}\">\n\t\t<div class=\"elementor-element elementor-element-887150b e-con-full e-flex e-con e-child\" data-id=\"887150b\" data-element_type=\"container\">\n\t\t\t\t<div class=\"elementor-element elementor-element-9603b83 elementor-widget elementor-widget-heading\" data-id=\"9603b83\" data-element_type=\"widget\" data-widget_type=\"heading.default\">\n\t\t\t\t<div class=\"elementor-widget-container\">\n\t\t\t\t\t<h3 class=\"elementor-heading-title elementor-size-default\">Les options<\/h3>\t\t\t\t<\/div>\n\t\t\t\t<\/div>\n\t\t\t\t<\/div>\n\t\t<div class=\"elementor-element elementor-element-f002e52 e-con-full e-flex e-con e-child\" data-id=\"f002e52\" data-element_type=\"container\">\n\t\t\t\t<div class=\"elementor-element elementor-element-ef96890 elementor-widget elementor-widget-heading\" data-id=\"ef96890\" data-element_type=\"widget\" data-widget_type=\"heading.default\">\n\t\t\t\t<div class=\"elementor-widget-container\">\n\t\t\t\t\t<h3 class=\"elementor-heading-title elementor-size-default\">Soin anti callosit\u00e9s<\/h3>\t\t\t\t<\/div>\n\t\t\t\t<\/div>\n\t\t\t\t<div class=\"elementor-element elementor-element-a4ccd64 elementor-widget elementor-widget-heading\" data-id=\"a4ccd64\" data-element_type=\"widget\" data-widget_type=\"heading.default\">\n\t\t\t\t<div class=\"elementor-widget-container\">\n\t\t\t\t\t<h3 class=\"elementor-heading-title elementor-size-default\">Soin Hydratant<\/h3>\t\t\t\t<\/div>\n\t\t\t\t<\/div>\n\t\t\t\t<div class=\"elementor-element elementor-element-f488136 elementor-widget elementor-widget-heading\" data-id=\"f488136\" data-element_type=\"widget\" data-widget_type=\"heading.default\">\n\t\t\t\t<div class=\"elementor-widget-container\">\n\t\t\t\t\t<h3 class=\"elementor-heading-title elementor-size-default\">French<\/h3>\t\t\t\t<\/div>\n\t\t\t\t<\/div>\n\t\t\t\t<div class=\"elementor-element elementor-element-19b95c0 elementor-widget elementor-widget-heading\" data-id=\"19b95c0\" data-element_type=\"widget\" data-widget_type=\"heading.default\">\n\t\t\t\t<div class=\"elementor-widget-container\">\n\t\t\t\t\t<h3 class=\"elementor-heading-title elementor-size-default\">Nail Art <\/h3>\t\t\t\t<\/div>\n\t\t\t\t<\/div>\n\t\t\t\t<div class=\"elementor-element elementor-element-6b067f3 elementor-widget elementor-widget-heading\" data-id=\"6b067f3\" data-element_type=\"widget\" data-widget_type=\"heading.default\">\n\t\t\t\t<div class=\"elementor-widget-container\">\n\t\t\t\t\t<h3 class=\"elementor-heading-title elementor-size-default\">D\u00e9pose semi \/ gainage<\/h3>\t\t\t\t<\/div>\n\t\t\t\t<\/div>\n\t\t\t\t<\/div>\n\t\t<div class=\"elementor-element elementor-element-a86e67b e-con-full e-flex e-con e-child\" data-id=\"a86e67b\" data-element_type=\"container\">\n\t\t\t\t<div class=\"elementor-element elementor-element-7db25d7 elementor-widget elementor-widget-heading\" data-id=\"7db25d7\" data-element_type=\"widget\" data-widget_type=\"heading.default\">\n\t\t\t\t<div class=\"elementor-widget-container\">\n\t\t\t\t\t<h3 class=\"elementor-heading-title elementor-size-default\">+15\u20ac<\/h3>\t\t\t\t<\/div>\n\t\t\t\t<\/div>\n\t\t\t\t<div class=\"elementor-element elementor-element-1bae4a3 elementor-widget elementor-widget-heading\" data-id=\"1bae4a3\" data-element_type=\"widget\" data-widget_type=\"heading.default\">\n\t\t\t\t<div class=\"elementor-widget-container\">\n\t\t\t\t\t<h3 class=\"elementor-heading-title elementor-size-default\">+15\u20ac<\/h3>\t\t\t\t<\/div>\n\t\t\t\t<\/div>\n\t\t\t\t<div class=\"elementor-element elementor-element-1227a64 elementor-widget elementor-widget-heading\" data-id=\"1227a64\" data-element_type=\"widget\" data-widget_type=\"heading.default\">\n\t\t\t\t<div class=\"elementor-widget-container\">\n\t\t\t\t\t<h3 class=\"elementor-heading-title elementor-size-default\"> +5\u20ac<\/h3>\t\t\t\t<\/div>\n\t\t\t\t<\/div>\n\t\t\t\t<div class=\"elementor-element elementor-element-e1abcc6 elementor-widget elementor-widget-heading\" data-id=\"e1abcc6\" data-element_type=\"widget\" data-widget_type=\"heading.default\">\n\t\t\t\t<div class=\"elementor-widget-container\">\n\t\t\t\t\t<h3 class=\"elementor-heading-title elementor-size-default\">+2\u20ac<\/h3>\t\t\t\t<\/div>\n\t\t\t\t<\/div>\n\t\t\t\t<div class=\"elementor-element elementor-element-ef55d6e elementor-widget elementor-widget-heading\" data-id=\"ef55d6e\" data-element_type=\"widget\" data-widget_type=\"heading.default\">\n\t\t\t\t<div class=\"elementor-widget-container\">\n\t\t\t\t\t<h3 class=\"elementor-heading-title elementor-size-default\">+10\u20ac<\/h3>\t\t\t\t<\/div>\n\t\t\t\t<\/div>\n\t\t\t\t<\/div>\n\t\t\t\t<\/div>\n\t\t<div class=\"elementor-element elementor-element-c9163f2 e-flex e-con-boxed e-con e-parent\" data-id=\"c9163f2\" data-element_type=\"container\">\n\t\t\t\t\t<div class=\"e-con-inner\">\n\t\t<div class=\"elementor-element elementor-element-ca907a9 e-con-full e-flex e-con e-child\" data-id=\"ca907a9\" data-element_type=\"container\">\n\t\t\t\t<div class=\"elementor-element elementor-element-8c38587 elementor-widget elementor-widget-text-editor\" data-id=\"8c38587\" data-element_type=\"widget\" data-widget_type=\"text-editor.default\">\n\t\t\t\t<div class=\"elementor-widget-container\">\n\t\t\t\t\t\t\t\t\t<p><strong>Vernis semi permanent<\/strong> avec h\u00e9ma de la marque Elya Maje.<\/p>\t\t\t\t\t\t\t\t<\/div>\n\t\t\t\t<\/div>\n\t\t\t\t<div class=\"elementor-element elementor-element-8169912 elementor-widget elementor-widget-image\" data-id=\"8169912\" data-element_type=\"widget\" data-widget_type=\"image.default\">\n\t\t\t\t<div class=\"elementor-widget-container\">\n\t\t\t\t\t\t\t\t\t\t\t\t\t\t\t<img decoding=\"async\" width=\"797\" height=\"701\" src=\"https:\/\/mylesthetique.com\/wp-content\/uploads\/2023\/10\/7-e1698069133291.png\" class=\"attachment-full size-full wp-image-631\" alt=\"nuancier vernis semi permanenent\" srcset=\"https:\/\/mylesthetique.com\/wp-content\/uploads\/2023\/10\/7-e1698069133291.png 797w, https:\/\/mylesthetique.com\/wp-content\/uploads\/2023\/10\/7-e1698069133291-300x264.png 300w, https:\/\/mylesthetique.com\/wp-content\/uploads\/2023\/10\/7-e1698069133291-768x675.png 768w\" sizes=\"(max-width: 797px) 100vw, 797px\" \/>\t\t\t\t\t\t\t\t\t\t\t\t\t\t\t<\/div>\n\t\t\t\t<\/div>\n\t\t\t\t<\/div>\n\t\t\t\t\t<\/div>\n\t\t\t\t<\/div>\n\t\t<div class=\"elementor-element elementor-element-c77007a e-flex e-con-boxed e-con e-parent\" data-id=\"c77007a\" data-element_type=\"container\">\n\t\t\t\t\t<div class=\"e-con-inner\">\n\t\t\t\t<div class=\"elementor-element elementor-element-529a155 elementor-widget elementor-widget-text-editor\" data-id=\"529a155\" data-element_type=\"widget\" data-widget_type=\"text-editor.default\">\n\t\t\t\t<div class=\"elementor-widget-container\">\n\t\t\t\t\t\t\t\t\t<p>La pose de <strong>vernis semi permanent<\/strong> est garantie 7 jours apr\u00e8s la pose. La couleur ne peut \u00eatre changer une fois la pose commenc\u00e9e.<\/p><p>Pour acc\u00e9der aux contre indications cliquez sur ce lien :\u00a0<a href=\"https:\/\/mylesthetique.com\/index.php\/contre-indications\/\">Contre indications<\/a>\u00a0<\/p>\t\t\t\t\t\t\t\t<\/div>\n\t\t\t\t<\/div>\n\t\t\t\t\t<\/div>\n\t\t\t\t<\/div>\n\t\t\t\t<\/div>\n\t\t","protected":false},"excerpt":{"rendered":"<p>Savourez un moment de d\u00e9tente gr\u00e2ce \u00e0 une beaut\u00e9 des mains ou des pieds. Saviez vous que les soins des mains et des pieds sont essentiels?\u00a0 En effet, la\u00a0pose d&rsquo;un\u00a0masque\u00a0hydratant stimule la pousse des ongles. Le massage permet de : favoriser la bonne circulation du sang, \u00e9liminer les toxines pr\u00e9sentent au niveau des coussinets, soulager [&hellip;]<\/p>\n","protected":false},"author":1,"featured_media":1180,"parent":0,"menu_order":0,"comment_status":"closed","ping_status":"closed","template":"","meta":{"footnotes":""},"class_list":["post-42","page","type-page","status-publish","has-post-thumbnail","hentry","entry","has-media"],"yoast_head":"<!-- This site is optimized with the Yoast SEO plugin v25.9 - https:\/\/yoast.com\/wordpress\/plugins\/seo\/ -->\n<title>Beaut\u00e9 des mains et des pieds - WordPress<\/title>\n<meta name=\"description\" content=\"Faites vous une beaut\u00e9 des mains et des pieds avec les soins hydratants, anti callosit\u00e9s, le vernis semi permanent \u00e0 saint Cezaire sur Siagne\" \/>\n<meta name=\"robots\" content=\"index, follow, max-snippet:-1, max-image-preview:large, max-video-preview:-1\" \/>\n<link rel=\"canonical\" href=\"https:\/\/mylesthetique.com\/index.php\/beaute-des-mains-et-des-pieds\/\" \/>\n<meta property=\"og:locale\" content=\"fr_FR\" \/>\n<meta property=\"og:type\" content=\"article\" \/>\n<meta property=\"og:title\" content=\"Beaut\u00e9 des mains et des pieds - WordPress\" \/>\n<meta property=\"og:description\" content=\"Faites vous une beaut\u00e9 des mains et des pieds avec les soins hydratants, anti callosit\u00e9s, le vernis semi permanent \u00e0 saint Cezaire sur Siagne\" \/>\n<meta property=\"og:url\" content=\"https:\/\/mylesthetique.com\/index.php\/beaute-des-mains-et-des-pieds\/\" \/>\n<meta property=\"og:site_name\" content=\"WordPress\" \/>\n<meta property=\"article:modified_time\" content=\"2026-02-05T13:41:10+00:00\" \/>\n<meta property=\"og:image\" content=\"https:\/\/mylesthetique.com\/wp-content\/uploads\/2024\/02\/20231018_121351_0000-e1707487073541.png\" \/>\n\t<meta property=\"og:image:width\" content=\"851\" \/>\n\t<meta property=\"og:image:height\" content=\"592\" \/>\n\t<meta property=\"og:image:type\" content=\"image\/png\" \/>\n<meta name=\"twitter:card\" content=\"summary_large_image\" \/>\n<meta name=\"twitter:label1\" content=\"Dur\u00e9e de lecture estim\u00e9e\" \/>\n\t<meta name=\"twitter:data1\" content=\"2 minutes\" \/>\n<script type=\"application\/ld+json\" class=\"yoast-schema-graph\">{\"@context\":\"https:\/\/schema.org\",\"@graph\":[{\"@type\":\"WebPage\",\"@id\":\"https:\/\/mylesthetique.com\/index.php\/beaute-des-mains-et-des-pieds\/\",\"url\":\"https:\/\/mylesthetique.com\/index.php\/beaute-des-mains-et-des-pieds\/\",\"name\":\"Beaut\u00e9 des mains et des pieds - WordPress\",\"isPartOf\":{\"@id\":\"https:\/\/mylesthetique.com\/#website\"},\"primaryImageOfPage\":{\"@id\":\"https:\/\/mylesthetique.com\/index.php\/beaute-des-mains-et-des-pieds\/#primaryimage\"},\"image\":{\"@id\":\"https:\/\/mylesthetique.com\/index.php\/beaute-des-mains-et-des-pieds\/#primaryimage\"},\"thumbnailUrl\":\"https:\/\/mylesthetique.com\/wp-content\/uploads\/2024\/02\/20231018_121351_0000-e1707487073541.png\",\"datePublished\":\"2023-09-14T08:06:25+00:00\",\"dateModified\":\"2026-02-05T13:41:10+00:00\",\"description\":\"Faites vous une beaut\u00e9 des mains et des pieds avec les soins hydratants, anti callosit\u00e9s, le vernis semi permanent \u00e0 saint Cezaire sur Siagne\",\"breadcrumb\":{\"@id\":\"https:\/\/mylesthetique.com\/index.php\/beaute-des-mains-et-des-pieds\/#breadcrumb\"},\"inLanguage\":\"fr-FR\",\"potentialAction\":[{\"@type\":\"ReadAction\",\"target\":[\"https:\/\/mylesthetique.com\/index.php\/beaute-des-mains-et-des-pieds\/\"]}]},{\"@type\":\"ImageObject\",\"inLanguage\":\"fr-FR\",\"@id\":\"https:\/\/mylesthetique.com\/index.php\/beaute-des-mains-et-des-pieds\/#primaryimage\",\"url\":\"https:\/\/mylesthetique.com\/wp-content\/uploads\/2024\/02\/20231018_121351_0000-e1707487073541.png\",\"contentUrl\":\"https:\/\/mylesthetique.com\/wp-content\/uploads\/2024\/02\/20231018_121351_0000-e1707487073541.png\",\"width\":851,\"height\":592,\"caption\":\"manucure mains et pieds pose de vernis\"},{\"@type\":\"BreadcrumbList\",\"@id\":\"https:\/\/mylesthetique.com\/index.php\/beaute-des-mains-et-des-pieds\/#breadcrumb\",\"itemListElement\":[{\"@type\":\"ListItem\",\"position\":1,\"name\":\"Accueil\",\"item\":\"https:\/\/mylesthetique.com\/\"},{\"@type\":\"ListItem\",\"position\":2,\"name\":\"Beaut\u00e9 des mains et des pieds\"}]},{\"@type\":\"WebSite\",\"@id\":\"https:\/\/mylesthetique.com\/#website\",\"url\":\"https:\/\/mylesthetique.com\/\",\"name\":\"WordPress\",\"description\":\"Un site utilisant WordPress\",\"publisher\":{\"@id\":\"https:\/\/mylesthetique.com\/#organization\"},\"potentialAction\":[{\"@type\":\"SearchAction\",\"target\":{\"@type\":\"EntryPoint\",\"urlTemplate\":\"https:\/\/mylesthetique.com\/?s={search_term_string}\"},\"query-input\":{\"@type\":\"PropertyValueSpecification\",\"valueRequired\":true,\"valueName\":\"search_term_string\"}}],\"inLanguage\":\"fr-FR\"},{\"@type\":\"Organization\",\"@id\":\"https:\/\/mylesthetique.com\/#organization\",\"name\":\"WordPress\",\"url\":\"https:\/\/mylesthetique.com\/\",\"logo\":{\"@type\":\"ImageObject\",\"inLanguage\":\"fr-FR\",\"@id\":\"https:\/\/mylesthetique.com\/#\/schema\/logo\/image\/\",\"url\":\"https:\/\/mylesthetique.com\/wp-content\/uploads\/2023\/09\/cropped-myl-esthetique.png\",\"contentUrl\":\"https:\/\/mylesthetique.com\/wp-content\/uploads\/2023\/09\/cropped-myl-esthetique.png\",\"width\":1050,\"height\":270,\"caption\":\"WordPress\"},\"image\":{\"@id\":\"https:\/\/mylesthetique.com\/#\/schema\/logo\/image\/\"}}]}<\/script>\n<!-- \/ Yoast SEO plugin. -->","yoast_head_json":{"title":"Beaut\u00e9 des mains et des pieds - WordPress","description":"Faites vous une beaut\u00e9 des mains et des pieds avec les soins hydratants, anti callosit\u00e9s, le vernis semi permanent \u00e0 saint Cezaire sur Siagne","robots":{"index":"index","follow":"follow","max-snippet":"max-snippet:-1","max-image-preview":"max-image-preview:large","max-video-preview":"max-video-preview:-1"},"canonical":"https:\/\/mylesthetique.com\/index.php\/beaute-des-mains-et-des-pieds\/","og_locale":"fr_FR","og_type":"article","og_title":"Beaut\u00e9 des mains et des pieds - WordPress","og_description":"Faites vous une beaut\u00e9 des mains et des pieds avec les soins hydratants, anti callosit\u00e9s, le vernis semi permanent \u00e0 saint Cezaire sur Siagne","og_url":"https:\/\/mylesthetique.com\/index.php\/beaute-des-mains-et-des-pieds\/","og_site_name":"WordPress","article_modified_time":"2026-02-05T13:41:10+00:00","og_image":[{"width":851,"height":592,"url":"https:\/\/mylesthetique.com\/wp-content\/uploads\/2024\/02\/20231018_121351_0000-e1707487073541.png","type":"image\/png"}],"twitter_card":"summary_large_image","twitter_misc":{"Dur\u00e9e de lecture estim\u00e9e":"2 minutes"},"schema":{"@context":"https:\/\/schema.org","@graph":[{"@type":"WebPage","@id":"https:\/\/mylesthetique.com\/index.php\/beaute-des-mains-et-des-pieds\/","url":"https:\/\/mylesthetique.com\/index.php\/beaute-des-mains-et-des-pieds\/","name":"Beaut\u00e9 des mains et des pieds - WordPress","isPartOf":{"@id":"https:\/\/mylesthetique.com\/#website"},"primaryImageOfPage":{"@id":"https:\/\/mylesthetique.com\/index.php\/beaute-des-mains-et-des-pieds\/#primaryimage"},"image":{"@id":"https:\/\/mylesthetique.com\/index.php\/beaute-des-mains-et-des-pieds\/#primaryimage"},"thumbnailUrl":"https:\/\/mylesthetique.com\/wp-content\/uploads\/2024\/02\/20231018_121351_0000-e1707487073541.png","datePublished":"2023-09-14T08:06:25+00:00","dateModified":"2026-02-05T13:41:10+00:00","description":"Faites vous une beaut\u00e9 des mains et des pieds avec les soins hydratants, anti callosit\u00e9s, le vernis semi permanent \u00e0 saint Cezaire sur Siagne","breadcrumb":{"@id":"https:\/\/mylesthetique.com\/index.php\/beaute-des-mains-et-des-pieds\/#breadcrumb"},"inLanguage":"fr-FR","potentialAction":[{"@type":"ReadAction","target":["https:\/\/mylesthetique.com\/index.php\/beaute-des-mains-et-des-pieds\/"]}]},{"@type":"ImageObject","inLanguage":"fr-FR","@id":"https:\/\/mylesthetique.com\/index.php\/beaute-des-mains-et-des-pieds\/#primaryimage","url":"https:\/\/mylesthetique.com\/wp-content\/uploads\/2024\/02\/20231018_121351_0000-e1707487073541.png","contentUrl":"https:\/\/mylesthetique.com\/wp-content\/uploads\/2024\/02\/20231018_121351_0000-e1707487073541.png","width":851,"height":592,"caption":"manucure mains et pieds pose de vernis"},{"@type":"BreadcrumbList","@id":"https:\/\/mylesthetique.com\/index.php\/beaute-des-mains-et-des-pieds\/#breadcrumb","itemListElement":[{"@type":"ListItem","position":1,"name":"Accueil","item":"https:\/\/mylesthetique.com\/"},{"@type":"ListItem","position":2,"name":"Beaut\u00e9 des mains et des pieds"}]},{"@type":"WebSite","@id":"https:\/\/mylesthetique.com\/#website","url":"https:\/\/mylesthetique.com\/","name":"WordPress","description":"Un site utilisant WordPress","publisher":{"@id":"https:\/\/mylesthetique.com\/#organization"},"potentialAction":[{"@type":"SearchAction","target":{"@type":"EntryPoint","urlTemplate":"https:\/\/mylesthetique.com\/?s={search_term_string}"},"query-input":{"@type":"PropertyValueSpecification","valueRequired":true,"valueName":"search_term_string"}}],"inLanguage":"fr-FR"},{"@type":"Organization","@id":"https:\/\/mylesthetique.com\/#organization","name":"WordPress","url":"https:\/\/mylesthetique.com\/","logo":{"@type":"ImageObject","inLanguage":"fr-FR","@id":"https:\/\/mylesthetique.com\/#\/schema\/logo\/image\/","url":"https:\/\/mylesthetique.com\/wp-content\/uploads\/2023\/09\/cropped-myl-esthetique.png","contentUrl":"https:\/\/mylesthetique.com\/wp-content\/uploads\/2023\/09\/cropped-myl-esthetique.png","width":1050,"height":270,"caption":"WordPress"},"image":{"@id":"https:\/\/mylesthetique.com\/#\/schema\/logo\/image\/"}}]}},"_links":{"self":[{"href":"https:\/\/mylesthetique.com\/index.php\/wp-json\/wp\/v2\/pages\/42","targetHints":{"allow":["GET"]}}],"collection":[{"href":"https:\/\/mylesthetique.com\/index.php\/wp-json\/wp\/v2\/pages"}],"about":[{"href":"https:\/\/mylesthetique.com\/index.php\/wp-json\/wp\/v2\/types\/page"}],"author":[{"embeddable":true,"href":"https:\/\/mylesthetique.com\/index.php\/wp-json\/wp\/v2\/users\/1"}],"replies":[{"embeddable":true,"href":"https:\/\/mylesthetique.com\/index.php\/wp-json\/wp\/v2\/comments?post=42"}],"version-history":[{"count":113,"href":"https:\/\/mylesthetique.com\/index.php\/wp-json\/wp\/v2\/pages\/42\/revisions"}],"predecessor-version":[{"id":2245,"href":"https:\/\/mylesthetique.com\/index.php\/wp-json\/wp\/v2\/pages\/42\/revisions\/2245"}],"wp:featuredmedia":[{"embeddable":true,"href":"https:\/\/mylesthetique.com\/index.php\/wp-json\/wp\/v2\/media\/1180"}],"wp:attachment":[{"href":"https:\/\/mylesthetique.com\/index.php\/wp-json\/wp\/v2\/media?parent=42"}],"curies":[{"name":"wp","href":"https:\/\/api.w.org\/{rel}","templated":true}]}}