{"id":103,"date":"2023-09-17T14:37:33","date_gmt":"2023-09-17T12:37:33","guid":{"rendered":"https:\/\/mylesthetique.com\/?page_id=103"},"modified":"2026-02-05T15:35:35","modified_gmt":"2026-02-05T14:35:35","slug":"contre-indications","status":"publish","type":"page","link":"https:\/\/mylesthetique.com\/index.php\/contre-indications\/","title":{"rendered":"Contre indications"},"content":{"rendered":"\t\t<div data-elementor-type=\"wp-page\" data-elementor-id=\"103\" class=\"elementor elementor-103\">\n\t\t\t\t<div class=\"elementor-element elementor-element-9e2724e e-flex e-con-boxed e-con e-parent\" data-id=\"9e2724e\" data-element_type=\"container\">\n\t\t\t\t\t<div class=\"e-con-inner\">\n\t\t\t\t<div class=\"elementor-element elementor-element-1f53dbf elementor-widget elementor-widget-heading\" data-id=\"1f53dbf\" data-element_type=\"widget\" data-widget_type=\"heading.default\">\n\t\t\t\t<div class=\"elementor-widget-container\">\n\t\t\t\t\t<h2 class=\"elementor-heading-title elementor-size-default\">Les contre indications<\/h2>\t\t\t\t<\/div>\n\t\t\t\t<\/div>\n\t\t\t\t\t<\/div>\n\t\t\t\t<\/div>\n\t\t<div class=\"elementor-element elementor-element-92a9524 e-flex e-con-boxed e-con e-parent\" data-id=\"92a9524\" data-element_type=\"container\">\n\t\t\t\t\t<div class=\"e-con-inner\">\n\t\t\t\t<div class=\"elementor-element elementor-element-4879268 elementor-widget elementor-widget-text-editor\" data-id=\"4879268\" data-element_type=\"widget\" data-widget_type=\"text-editor.default\">\n\t\t\t\t<div class=\"elementor-widget-container\">\n\t\t\t\t\t\t\t\t\t<p>Pour un meilleur confort, j&rsquo;ai d\u00e9cid\u00e9 de vous pr\u00e9sentez les contre indications pour les prestations que je vous propose.<\/p><p>N&rsquo;h\u00e9sitez pas \u00e0 me contacter pour plus de renseignements.<\/p><p>\u00a0<\/p>\t\t\t\t\t\t\t\t<\/div>\n\t\t\t\t<\/div>\n\t\t\t\t\t<\/div>\n\t\t\t\t<\/div>\n\t\t<div class=\"elementor-element elementor-element-58c5cf5 e-flex e-con-boxed e-con e-parent\" data-id=\"58c5cf5\" data-element_type=\"container\">\n\t\t\t\t\t<div class=\"e-con-inner\">\n\t\t\t\t<div class=\"elementor-element elementor-element-b969b12 elementor-widget elementor-widget-image\" data-id=\"b969b12\" data-element_type=\"widget\" data-widget_type=\"image.default\">\n\t\t\t\t<div class=\"elementor-widget-container\">\n\t\t\t\t\t\t\t\t\t\t\t\t\t\t\t<img fetchpriority=\"high\" decoding=\"async\" width=\"646\" height=\"498\" src=\"https:\/\/mylesthetique.com\/wp-content\/uploads\/2023\/10\/20-e1698069907395.png\" class=\"attachment-full size-full wp-image-637\" alt=\"contre indications\" srcset=\"https:\/\/mylesthetique.com\/wp-content\/uploads\/2023\/10\/20-e1698069907395.png 646w, https:\/\/mylesthetique.com\/wp-content\/uploads\/2023\/10\/20-e1698069907395-300x231.png 300w\" sizes=\"(max-width: 646px) 100vw, 646px\" \/>\t\t\t\t\t\t\t\t\t\t\t\t\t\t\t<\/div>\n\t\t\t\t<\/div>\n\t\t\t\t\t<\/div>\n\t\t\t\t<\/div>\n\t\t<div class=\"elementor-element elementor-element-b405803 e-flex e-con-boxed e-con e-parent\" data-id=\"b405803\" data-element_type=\"container\">\n\t\t\t\t\t<div class=\"e-con-inner\">\n\t\t\t\t<div class=\"elementor-element elementor-element-a83c790 elementor-widget elementor-widget-heading\" data-id=\"a83c790\" data-element_type=\"widget\" data-widget_type=\"heading.default\">\n\t\t\t\t<div class=\"elementor-widget-container\">\n\t\t\t\t\t<h2 class=\"elementor-heading-title elementor-size-default\">Les contre indications pour les massages et les soins du visage<\/h2>\t\t\t\t<\/div>\n\t\t\t\t<\/div>\n\t\t\t\t\t<\/div>\n\t\t\t\t<\/div>\n\t\t<div class=\"elementor-element elementor-element-02fe51f e-flex e-con-boxed e-con e-parent\" data-id=\"02fe51f\" data-element_type=\"container\">\n\t\t\t\t\t<div class=\"e-con-inner\">\n\t\t\t\t<div class=\"elementor-element elementor-element-8c3382b elementor-widget elementor-widget-text-editor\" data-id=\"8c3382b\" data-element_type=\"widget\" data-widget_type=\"text-editor.default\">\n\t\t\t\t<div class=\"elementor-widget-container\">\n\t\t\t\t\t\t\t\t\t<p>Les massages et\u00a0 les soins du visage sont d\u00e9conseill\u00e9s aux personnes :<\/p><ul><li>souffrant de fi\u00e8vre ou ayant une maladie infectieuse du visage ( herp\u00e8s, &#8230;),<\/li><li>\u00e0 la suite d&rsquo;intervention chirurgicale au visage,<\/li><li>en cas de plaie cutan\u00e9e sur le visage,<\/li><li>pr\u00e9sentant des l\u00e9sions sur la peau (dermatoses, br\u00fblure, coupure)<\/li><li>apr\u00e8s un traitement au visage ( peeling, laser, botox, injection d&rsquo;acide hyaluronique), il faut attendre 3 mois<\/li><li>en d\u00e9but de grossesse,<\/li><li>asthme s\u00e9v\u00e8re,<\/li><li>en cas d&rsquo;infection de la zone \u00e0 masser (rage de dent, tumeur).<\/li><\/ul><p>Si vous \u00eates diab\u00e9tique, merci de bien vouloir me le signaler afin que je puisse prendre les pr\u00e9cautions n\u00e9cessaires en limitant les massages au niveau des pieds.<\/p><p>N&rsquo;h\u00e9sitez pas \u00e0 me poser des questions en fonction de votre \u00e9tat de sant\u00e9 afin que je puisse vous guider vers des soins qui respecteront aux maximum votre sant\u00e9.<\/p><p>Pour les personnes souffrant de cancer il est conseiller d&rsquo;attendre la r\u00e9mission totale soit 5 ans apr\u00e8s la fin du cancer. Cependant, \u00e9tant donn\u00e9 que les massages ont de r\u00e9els bienfaits sur le corps, je vous offre la possibilit\u00e9 de les recevoir \u00e0 condition que votre m\u00e9decin vous fasse un mot d&rsquo;autorisation.\u00a0<\/p><p>Pour les soins du visage, je vous conseille de retirer vos lentilles de contact \u00e0 l&rsquo;avance.<\/p>\t\t\t\t\t\t\t\t<\/div>\n\t\t\t\t<\/div>\n\t\t\t\t\t<\/div>\n\t\t\t\t<\/div>\n\t\t<div class=\"elementor-element elementor-element-7f3f45a e-flex e-con-boxed e-con e-parent\" data-id=\"7f3f45a\" data-element_type=\"container\">\n\t\t\t\t\t<div class=\"e-con-inner\">\n\t\t\t\t<div class=\"elementor-element elementor-element-8a0d9e9 elementor-widget elementor-widget-heading\" data-id=\"8a0d9e9\" data-element_type=\"widget\" data-widget_type=\"heading.default\">\n\t\t\t\t<div class=\"elementor-widget-container\">\n\t\t\t\t\t<h2 class=\"elementor-heading-title elementor-size-default\">Les contre indications pour les massages du corps<\/h2>\t\t\t\t<\/div>\n\t\t\t\t<\/div>\n\t\t\t\t\t<\/div>\n\t\t\t\t<\/div>\n\t\t<div class=\"elementor-element elementor-element-3f89da0 e-flex e-con-boxed e-con e-parent\" data-id=\"3f89da0\" data-element_type=\"container\">\n\t\t\t\t\t<div class=\"e-con-inner\">\n\t\t\t\t<div class=\"elementor-element elementor-element-52cd6cc elementor-widget elementor-widget-text-editor\" data-id=\"52cd6cc\" data-element_type=\"widget\" data-widget_type=\"text-editor.default\">\n\t\t\t\t<div class=\"elementor-widget-container\">\n\t\t\t\t\t\t\t\t\t<p>Si vous \u00eates dans l&rsquo;une des situations suivantes, les massages du corps vous sont d\u00e9conseill\u00e9s :<\/p><ul><li>grossesse et allaitement,<\/li><li>thrombose,<\/li><li>op\u00e9ration r\u00e9cente,<\/li><li>fi\u00e8vre,<\/li><li>dermatoses transmissibles,\u00a0<\/li><li>probl\u00e8mes cardiaques,\u00a0<\/li><li>probl\u00e8me de tension non r\u00e9gul\u00e9s<\/li><li>maladies graves,<\/li><li>varice et probl\u00e8me circulatoire grave.<\/li><\/ul><p>Si vous souffrez de diab\u00e8te, merci de m&rsquo;en informer afin que je puisse adapt\u00e9 votre massage.<\/p><p>En cas de cancer, il est conseill\u00e9 d&rsquo;attendre la r\u00e9mission compl\u00e8te soit 5 ans apr\u00e8s gu\u00e9rison. Je vous propose donc de prendre l&rsquo;avis de votre m\u00e9decin et si celui-ci approuve les massages, il faudra donc que vous lui demandiez de bien vouloir vous d\u00e9livrer un mot.<\/p><p>Pour la Mad\u00e9roth\u00e9rapie du corps, ce rajoute \u00e9galement :<\/p><ul><li>h\u00e9mophilie,<\/li><li>diab\u00e8te,<\/li><li>polyarthrite rhumato\u00efde.<\/li><\/ul><div>voici les contre indications concernant le Chi Nei Tsang:<\/div><ul><li>constipation de plus de 10 jours sans \u00eatre aller consulter un sp\u00e9cialiste,\u00a0<\/li><li>grossesse et allaitement.<\/li><\/ul>\t\t\t\t\t\t\t\t<\/div>\n\t\t\t\t<\/div>\n\t\t\t\t\t<\/div>\n\t\t\t\t<\/div>\n\t\t<div class=\"elementor-element elementor-element-cd82630 e-flex e-con-boxed e-con e-parent\" data-id=\"cd82630\" data-element_type=\"container\">\n\t\t\t\t\t<div class=\"e-con-inner\">\n\t\t\t\t\t<\/div>\n\t\t\t\t<\/div>\n\t\t<div class=\"elementor-element elementor-element-8dd4eb6 e-flex e-con-boxed e-con e-parent\" data-id=\"8dd4eb6\" data-element_type=\"container\">\n\t\t\t\t\t<div class=\"e-con-inner\">\n\t\t\t\t<div class=\"elementor-element elementor-element-897578f elementor-widget elementor-widget-heading\" data-id=\"897578f\" data-element_type=\"widget\" data-widget_type=\"heading.default\">\n\t\t\t\t<div class=\"elementor-widget-container\">\n\t\t\t\t\t<h2 class=\"elementor-heading-title elementor-size-default\">Pour les \u00e9pilations<\/h2>\t\t\t\t<\/div>\n\t\t\t\t<\/div>\n\t\t\t\t\t<\/div>\n\t\t\t\t<\/div>\n\t\t<div class=\"elementor-element elementor-element-1c66322 e-flex e-con-boxed e-con e-parent\" data-id=\"1c66322\" data-element_type=\"container\">\n\t\t\t\t\t<div class=\"e-con-inner\">\n\t\t\t\t<div class=\"elementor-element elementor-element-9cc9dc2 elementor-widget elementor-widget-text-editor\" data-id=\"9cc9dc2\" data-element_type=\"widget\" data-widget_type=\"text-editor.default\">\n\t\t\t\t<div class=\"elementor-widget-container\">\n\t\t\t\t\t\t\t\t\t<p>Je vous conseille d&rsquo;\u00e9viter de vous faire \u00e9piler pendant votre cycle menstruel. En effet, pendant cette p\u00e9riode, votre corps est plus sensible.<\/p><p>L&rsquo;\u00e9pilation est d\u00e9conseill\u00e9e pour les personnes souffrant de troubles circulatoires ou respiratoires et pour les personnes souffrant de probl\u00e8mes de peau.<\/p>\t\t\t\t\t\t\t\t<\/div>\n\t\t\t\t<\/div>\n\t\t\t\t\t<\/div>\n\t\t\t\t<\/div>\n\t\t<div class=\"elementor-element elementor-element-e102e63 e-flex e-con-boxed e-con e-parent\" data-id=\"e102e63\" data-element_type=\"container\">\n\t\t\t\t\t<div class=\"e-con-inner\">\n\t\t\t\t<div class=\"elementor-element elementor-element-89086bf elementor-widget elementor-widget-heading\" data-id=\"89086bf\" data-element_type=\"widget\" data-widget_type=\"heading.default\">\n\t\t\t\t<div class=\"elementor-widget-container\">\n\t\t\t\t\t<h2 class=\"elementor-heading-title elementor-size-default\">Pour la beaut\u00e9 des mains et des pieds<\/h2>\t\t\t\t<\/div>\n\t\t\t\t<\/div>\n\t\t\t\t\t<\/div>\n\t\t\t\t<\/div>\n\t\t<div class=\"elementor-element elementor-element-8dbe6f1 e-flex e-con-boxed e-con e-parent\" data-id=\"8dbe6f1\" data-element_type=\"container\">\n\t\t\t\t\t<div class=\"e-con-inner\">\n\t\t\t\t<div class=\"elementor-element elementor-element-b9f83a1 elementor-widget elementor-widget-text-editor\" data-id=\"b9f83a1\" data-element_type=\"widget\" data-widget_type=\"text-editor.default\">\n\t\t\t\t<div class=\"elementor-widget-container\">\n\t\t\t\t\t\t\t\t\t<p><span style=\"font-size: 14px; color: var( --e-global-color-text ); text-align: var(--text-align);\">Si vous souffrez d&rsquo;h\u00e9mophilie, je vous propose une beaut\u00e9 des mains et des pieds tout en douceur. En effet, il faudra limiter le travail des cuticules.\u00a0<\/span><\/p><p><span style=\"color: var( --e-global-color-text ); font-size: 14px; text-align: var(--text-align);\">La beaut\u00e9 des mains et des pieds est d\u00e9conseill\u00e9e pour les personnes souffrant de probl\u00e8me de peau et de verrue.<\/span><\/p>\t\t\t\t\t\t\t\t<\/div>\n\t\t\t\t<\/div>\n\t\t\t\t\t<\/div>\n\t\t\t\t<\/div>\n\t\t\t\t<\/div>\n\t\t","protected":false},"excerpt":{"rendered":"<p>Les contre indications Pour un meilleur confort, j&rsquo;ai d\u00e9cid\u00e9 de vous pr\u00e9sentez les contre indications pour les prestations que je vous propose. N&rsquo;h\u00e9sitez pas \u00e0 me contacter pour plus de renseignements. \u00a0 Les contre indications pour les massages et les soins du visage Les massages et\u00a0 les soins du visage sont d\u00e9conseill\u00e9s aux personnes : [&hellip;]<\/p>\n","protected":false},"author":1,"featured_media":0,"parent":0,"menu_order":0,"comment_status":"closed","ping_status":"closed","template":"","meta":{"footnotes":""},"class_list":["post-103","page","type-page","status-publish","hentry","entry"],"yoast_head":"<!-- This site is optimized with the Yoast SEO plugin v25.9 - https:\/\/yoast.com\/wordpress\/plugins\/seo\/ -->\n<title>Contre indications - WordPress<\/title>\n<meta name=\"description\" content=\"liste contre indications soins du visage massage corps et visage \u00e9pilations beaut\u00e9 des mains et des pieds institut\" \/>\n<meta name=\"robots\" content=\"index, follow, max-snippet:-1, max-image-preview:large, max-video-preview:-1\" \/>\n<link rel=\"canonical\" href=\"https:\/\/mylesthetique.com\/index.php\/contre-indications\/\" \/>\n<meta property=\"og:locale\" content=\"fr_FR\" \/>\n<meta property=\"og:type\" content=\"article\" \/>\n<meta property=\"og:title\" content=\"Contre indications - WordPress\" \/>\n<meta property=\"og:description\" content=\"liste contre indications soins du visage massage corps et visage \u00e9pilations beaut\u00e9 des mains et des pieds institut\" \/>\n<meta property=\"og:url\" content=\"https:\/\/mylesthetique.com\/index.php\/contre-indications\/\" \/>\n<meta property=\"og:site_name\" content=\"WordPress\" \/>\n<meta property=\"article:modified_time\" content=\"2026-02-05T14:35:35+00:00\" \/>\n<meta property=\"og:image\" content=\"https:\/\/mylesthetique.com\/wp-content\/uploads\/2023\/10\/20-e1698069907395.png\" \/>\n<meta name=\"twitter:card\" content=\"summary_large_image\" \/>\n<meta name=\"twitter:label1\" content=\"Dur\u00e9e de lecture estim\u00e9e\" \/>\n\t<meta name=\"twitter:data1\" content=\"3 minutes\" \/>\n<script type=\"application\/ld+json\" class=\"yoast-schema-graph\">{\"@context\":\"https:\/\/schema.org\",\"@graph\":[{\"@type\":\"WebPage\",\"@id\":\"https:\/\/mylesthetique.com\/index.php\/contre-indications\/\",\"url\":\"https:\/\/mylesthetique.com\/index.php\/contre-indications\/\",\"name\":\"Contre indications - WordPress\",\"isPartOf\":{\"@id\":\"https:\/\/mylesthetique.com\/#website\"},\"primaryImageOfPage\":{\"@id\":\"https:\/\/mylesthetique.com\/index.php\/contre-indications\/#primaryimage\"},\"image\":{\"@id\":\"https:\/\/mylesthetique.com\/index.php\/contre-indications\/#primaryimage\"},\"thumbnailUrl\":\"https:\/\/mylesthetique.com\/wp-content\/uploads\/2023\/10\/20-e1698069907395.png\",\"datePublished\":\"2023-09-17T12:37:33+00:00\",\"dateModified\":\"2026-02-05T14:35:35+00:00\",\"description\":\"liste contre indications soins du visage massage corps et visage \u00e9pilations beaut\u00e9 des mains et des pieds institut\",\"breadcrumb\":{\"@id\":\"https:\/\/mylesthetique.com\/index.php\/contre-indications\/#breadcrumb\"},\"inLanguage\":\"fr-FR\",\"potentialAction\":[{\"@type\":\"ReadAction\",\"target\":[\"https:\/\/mylesthetique.com\/index.php\/contre-indications\/\"]}]},{\"@type\":\"ImageObject\",\"inLanguage\":\"fr-FR\",\"@id\":\"https:\/\/mylesthetique.com\/index.php\/contre-indications\/#primaryimage\",\"url\":\"https:\/\/mylesthetique.com\/wp-content\/uploads\/2023\/10\/20-e1698069907395.png\",\"contentUrl\":\"https:\/\/mylesthetique.com\/wp-content\/uploads\/2023\/10\/20-e1698069907395.png\",\"width\":646,\"height\":498,\"caption\":\"contre indications\"},{\"@type\":\"BreadcrumbList\",\"@id\":\"https:\/\/mylesthetique.com\/index.php\/contre-indications\/#breadcrumb\",\"itemListElement\":[{\"@type\":\"ListItem\",\"position\":1,\"name\":\"Accueil\",\"item\":\"https:\/\/mylesthetique.com\/\"},{\"@type\":\"ListItem\",\"position\":2,\"name\":\"Contre indications\"}]},{\"@type\":\"WebSite\",\"@id\":\"https:\/\/mylesthetique.com\/#website\",\"url\":\"https:\/\/mylesthetique.com\/\",\"name\":\"WordPress\",\"description\":\"Un site utilisant WordPress\",\"publisher\":{\"@id\":\"https:\/\/mylesthetique.com\/#organization\"},\"potentialAction\":[{\"@type\":\"SearchAction\",\"target\":{\"@type\":\"EntryPoint\",\"urlTemplate\":\"https:\/\/mylesthetique.com\/?s={search_term_string}\"},\"query-input\":{\"@type\":\"PropertyValueSpecification\",\"valueRequired\":true,\"valueName\":\"search_term_string\"}}],\"inLanguage\":\"fr-FR\"},{\"@type\":\"Organization\",\"@id\":\"https:\/\/mylesthetique.com\/#organization\",\"name\":\"WordPress\",\"url\":\"https:\/\/mylesthetique.com\/\",\"logo\":{\"@type\":\"ImageObject\",\"inLanguage\":\"fr-FR\",\"@id\":\"https:\/\/mylesthetique.com\/#\/schema\/logo\/image\/\",\"url\":\"https:\/\/mylesthetique.com\/wp-content\/uploads\/2023\/09\/cropped-myl-esthetique.png\",\"contentUrl\":\"https:\/\/mylesthetique.com\/wp-content\/uploads\/2023\/09\/cropped-myl-esthetique.png\",\"width\":1050,\"height\":270,\"caption\":\"WordPress\"},\"image\":{\"@id\":\"https:\/\/mylesthetique.com\/#\/schema\/logo\/image\/\"}}]}<\/script>\n<!-- \/ Yoast SEO plugin. -->","yoast_head_json":{"title":"Contre indications - WordPress","description":"liste contre indications soins du visage massage corps et visage \u00e9pilations beaut\u00e9 des mains et des pieds institut","robots":{"index":"index","follow":"follow","max-snippet":"max-snippet:-1","max-image-preview":"max-image-preview:large","max-video-preview":"max-video-preview:-1"},"canonical":"https:\/\/mylesthetique.com\/index.php\/contre-indications\/","og_locale":"fr_FR","og_type":"article","og_title":"Contre indications - WordPress","og_description":"liste contre indications soins du visage massage corps et visage \u00e9pilations beaut\u00e9 des mains et des pieds institut","og_url":"https:\/\/mylesthetique.com\/index.php\/contre-indications\/","og_site_name":"WordPress","article_modified_time":"2026-02-05T14:35:35+00:00","og_image":[{"url":"https:\/\/mylesthetique.com\/wp-content\/uploads\/2023\/10\/20-e1698069907395.png","type":"","width":"","height":""}],"twitter_card":"summary_large_image","twitter_misc":{"Dur\u00e9e de lecture estim\u00e9e":"3 minutes"},"schema":{"@context":"https:\/\/schema.org","@graph":[{"@type":"WebPage","@id":"https:\/\/mylesthetique.com\/index.php\/contre-indications\/","url":"https:\/\/mylesthetique.com\/index.php\/contre-indications\/","name":"Contre indications - WordPress","isPartOf":{"@id":"https:\/\/mylesthetique.com\/#website"},"primaryImageOfPage":{"@id":"https:\/\/mylesthetique.com\/index.php\/contre-indications\/#primaryimage"},"image":{"@id":"https:\/\/mylesthetique.com\/index.php\/contre-indications\/#primaryimage"},"thumbnailUrl":"https:\/\/mylesthetique.com\/wp-content\/uploads\/2023\/10\/20-e1698069907395.png","datePublished":"2023-09-17T12:37:33+00:00","dateModified":"2026-02-05T14:35:35+00:00","description":"liste contre indications soins du visage massage corps et visage \u00e9pilations beaut\u00e9 des mains et des pieds institut","breadcrumb":{"@id":"https:\/\/mylesthetique.com\/index.php\/contre-indications\/#breadcrumb"},"inLanguage":"fr-FR","potentialAction":[{"@type":"ReadAction","target":["https:\/\/mylesthetique.com\/index.php\/contre-indications\/"]}]},{"@type":"ImageObject","inLanguage":"fr-FR","@id":"https:\/\/mylesthetique.com\/index.php\/contre-indications\/#primaryimage","url":"https:\/\/mylesthetique.com\/wp-content\/uploads\/2023\/10\/20-e1698069907395.png","contentUrl":"https:\/\/mylesthetique.com\/wp-content\/uploads\/2023\/10\/20-e1698069907395.png","width":646,"height":498,"caption":"contre indications"},{"@type":"BreadcrumbList","@id":"https:\/\/mylesthetique.com\/index.php\/contre-indications\/#breadcrumb","itemListElement":[{"@type":"ListItem","position":1,"name":"Accueil","item":"https:\/\/mylesthetique.com\/"},{"@type":"ListItem","position":2,"name":"Contre indications"}]},{"@type":"WebSite","@id":"https:\/\/mylesthetique.com\/#website","url":"https:\/\/mylesthetique.com\/","name":"WordPress","description":"Un site utilisant WordPress","publisher":{"@id":"https:\/\/mylesthetique.com\/#organization"},"potentialAction":[{"@type":"SearchAction","target":{"@type":"EntryPoint","urlTemplate":"https:\/\/mylesthetique.com\/?s={search_term_string}"},"query-input":{"@type":"PropertyValueSpecification","valueRequired":true,"valueName":"search_term_string"}}],"inLanguage":"fr-FR"},{"@type":"Organization","@id":"https:\/\/mylesthetique.com\/#organization","name":"WordPress","url":"https:\/\/mylesthetique.com\/","logo":{"@type":"ImageObject","inLanguage":"fr-FR","@id":"https:\/\/mylesthetique.com\/#\/schema\/logo\/image\/","url":"https:\/\/mylesthetique.com\/wp-content\/uploads\/2023\/09\/cropped-myl-esthetique.png","contentUrl":"https:\/\/mylesthetique.com\/wp-content\/uploads\/2023\/09\/cropped-myl-esthetique.png","width":1050,"height":270,"caption":"WordPress"},"image":{"@id":"https:\/\/mylesthetique.com\/#\/schema\/logo\/image\/"}}]}},"_links":{"self":[{"href":"https:\/\/mylesthetique.com\/index.php\/wp-json\/wp\/v2\/pages\/103","targetHints":{"allow":["GET"]}}],"collection":[{"href":"https:\/\/mylesthetique.com\/index.php\/wp-json\/wp\/v2\/pages"}],"about":[{"href":"https:\/\/mylesthetique.com\/index.php\/wp-json\/wp\/v2\/types\/page"}],"author":[{"embeddable":true,"href":"https:\/\/mylesthetique.com\/index.php\/wp-json\/wp\/v2\/users\/1"}],"replies":[{"embeddable":true,"href":"https:\/\/mylesthetique.com\/index.php\/wp-json\/wp\/v2\/comments?post=103"}],"version-history":[{"count":28,"href":"https:\/\/mylesthetique.com\/index.php\/wp-json\/wp\/v2\/pages\/103\/revisions"}],"predecessor-version":[{"id":2256,"href":"https:\/\/mylesthetique.com\/index.php\/wp-json\/wp\/v2\/pages\/103\/revisions\/2256"}],"wp:attachment":[{"href":"https:\/\/mylesthetique.com\/index.php\/wp-json\/wp\/v2\/media?parent=103"}],"curies":[{"name":"wp","href":"https:\/\/api.w.org\/{rel}","templated":true}]}}